{"id":21302,"date":"2021-03-24T07:25:45","date_gmt":"2021-03-24T07:25:45","guid":{"rendered":"https:\/\/hoteldorocity.evolvewebstudio.xyz\/faqs\/"},"modified":"2024-04-12T13:46:00","modified_gmt":"2024-04-12T13:46:00","slug":"faqs","status":"publish","type":"page","link":"https:\/\/hoteldorocity.com\/it\/faqs\/","title":{"rendered":"FAQs"},"content":{"rendered":"\t\t<div data-elementor-type=\"wp-page\" data-elementor-id=\"21302\" class=\"elementor elementor-21302 elementor-2105\">\n\t\t\t\t\t\t<section class=\"elementor-section elementor-top-section elementor-element elementor-element-2a96a73 elementor-section-boxed elementor-section-gap-beside-yes elementor-section-height-default elementor-section-height-default elementor-section-column-vertical-align-stretch\" data-id=\"2a96a73\" data-element_type=\"section\">\n\t\t\t\t\t\t<div class=\"elementor-container elementor-column-gap-extended\">\n\t\t\t\t\t<div class=\"elementor-column elementor-col-100 elementor-top-column elementor-element elementor-element-98ef20c\" data-id=\"98ef20c\" data-element_type=\"column\">\n\t\t\t<div class=\"elementor-widget-wrap elementor-element-populated\">\n\t\t\t\t\t\t<div class=\"elementor-element elementor-element-97088c0 elementor-widget__width-initial elementor-invisible elementor-widget elementor-widget-text-editor\" data-id=\"97088c0\" data-element_type=\"widget\" data-settings=\"{&quot;_animation&quot;:&quot;nussFadeInUp&quot;}\" data-widget_type=\"text-editor.default\">\n\t\t\t\t<div class=\"elementor-widget-container\">\n\t\t\t<style>\/*! elementor - v3.19.0 - 05-02-2024 *\/\n.elementor-widget-text-editor.elementor-drop-cap-view-stacked .elementor-drop-cap{background-color:#69727d;color:#fff}.elementor-widget-text-editor.elementor-drop-cap-view-framed .elementor-drop-cap{color:#69727d;border:3px solid;background-color:transparent}.elementor-widget-text-editor:not(.elementor-drop-cap-view-default) .elementor-drop-cap{margin-top:8px}.elementor-widget-text-editor:not(.elementor-drop-cap-view-default) .elementor-drop-cap-letter{width:1em;height:1em}.elementor-widget-text-editor .elementor-drop-cap{float:left;text-align:center;line-height:1;font-size:50px}.elementor-widget-text-editor .elementor-drop-cap-letter{display:inline-block}<\/style>\t\t\t\tDi seguito troverai una lista delle domande pi\u00f9 frequentemente fatte dai nostri ospiti.\t\t\t\t\t\t<\/div>\n\t\t\t\t<\/div>\n\t\t\t\t\t<\/div>\n\t\t<\/div>\n\t\t\t\t\t<\/div>\n\t\t<\/section>\n\t\t\t\t<section class=\"elementor-section elementor-top-section elementor-element elementor-element-b184647 elementor-section-gap-beside-no elementor-section-content-middle elementor-section-boxed elementor-section-height-default elementor-section-height-default elementor-section-column-vertical-align-stretch\" data-id=\"b184647\" data-element_type=\"section\">\n\t\t\t\t\t\t<div class=\"elementor-container elementor-column-gap-extended\">\n\t\t\t\t\t<div class=\"elementor-column elementor-col-50 elementor-top-column elementor-element elementor-element-1d49749\" data-id=\"1d49749\" data-element_type=\"column\">\n\t\t\t<div class=\"elementor-widget-wrap elementor-element-populated\">\n\t\t\t\t\t\t<div class=\"elementor-element elementor-element-b986a9e elementor-invisible elementor-widget elementor-widget-nuss-heading\" data-id=\"b986a9e\" data-element_type=\"widget\" data-settings=\"{&quot;_animation&quot;:&quot;nussFadeInUp&quot;}\" data-widget_type=\"nuss-heading.default\">\n\t\t\t\t<div class=\"elementor-widget-container\">\n\t\t\t\t\t<div class=\"nuss-modern-heading\">\n\t\t\t\n\t\t\t\t\t<div class=\"heading-primary-wrap\">\n\t\t\t<h4 class=\"heading-primary elementor-heading-title\">FAQ'S<\/h4>\t\t<\/div>\n\t\t\n\t\t\t\t\t<div class=\"heading-divider-wrap\">\n\t\t\t<div class=\"heading-divider\" style=\"left: 0px;top: 6px\"><\/div>\n\t\t<\/div>\n\t    \n\t\t\t\t\t<\/div>\n\t\t\t\t<\/div>\n\t\t\t\t<\/div>\n\t\t\t\t<div class=\"elementor-element elementor-element-50f0733 elementor-invisible elementor-widget elementor-widget-heading\" data-id=\"50f0733\" data-element_type=\"widget\" data-settings=\"{&quot;_animation&quot;:&quot;nussFadeInUp&quot;}\" data-widget_type=\"heading.default\">\n\t\t\t\t<div class=\"elementor-widget-container\">\n\t\t\t<style>\/*! elementor - v3.19.0 - 05-02-2024 *\/\n.elementor-heading-title{padding:0;margin:0;line-height:1}.elementor-widget-heading .elementor-heading-title[class*=elementor-size-]>a{color:inherit;font-size:inherit;line-height:inherit}.elementor-widget-heading .elementor-heading-title.elementor-size-small{font-size:15px}.elementor-widget-heading .elementor-heading-title.elementor-size-medium{font-size:19px}.elementor-widget-heading .elementor-heading-title.elementor-size-large{font-size:29px}.elementor-widget-heading .elementor-heading-title.elementor-size-xl{font-size:39px}.elementor-widget-heading .elementor-heading-title.elementor-size-xxl{font-size:59px}<\/style><h2 class=\"elementor-heading-title elementor-size-default\">Domande e Risposte<\/h2>\t\t<\/div>\n\t\t\t\t<\/div>\n\t\t\t\t<div class=\"elementor-element elementor-element-a865a9f nuss-accordion-style-03 elementor-invisible elementor-widget elementor-widget-nuss-accordion\" data-id=\"a865a9f\" data-element_type=\"widget\" data-settings=\"{&quot;_animation&quot;:&quot;nussFadeInUp&quot;}\" data-widget_type=\"nuss-accordion.default\">\n\t\t\t\t<div class=\"elementor-widget-container\">\n\t\t\t\t\t<div class=\"nuss-accordion nuss-accordion-icon-right\">\n\t\t\t\t\t\t\t<div class=\"accordion-section\">\n\t\t\t\t\t<div class=\"accordion-header\">\n\t\t\t\t\t\t<div class=\"accordion-title-wrapper\">\n\t\t\t\t\t\t\t<h4 class=\"accordion-title\">Orario di Check-in &amp; Check-out?<\/h4>\t\t\t\t\t\t<\/div>\n\t\t\t\t\t\t\t\t\t\t\t\t\t<div class=\"accordion-icons\">\n\t\t\t\t\t\t\t\t<span\n\t\t\t\t\t\t\t\t\tclass=\"accordion-icon opened-icon\"><i class=\"fal fa-angle-down\"><\/i><\/span>\n\t\t\t\t\t\t\t\t<span\n\t\t\t\t\t\t\t\t\tclass=\"accordion-icon closed-icon\"><i class=\"fal fa-angle-up\"><\/i><\/span>\n\t\t\t\t\t\t\t<\/div>\n\t\t\t\t\t\t\t\t\t\t\t<\/div>\n\t\t\t\t\t<div class=\"accordion-content\">\n\t\t\t\t\t\t<p>Check-in: 15:00 <br \/>Check-out: 11:00<\/p>\t\t\t\t\t<\/div>\n\t\t\t\t<\/div>\n\t\t\t\t\t\t\t<div class=\"accordion-section\">\n\t\t\t\t\t<div class=\"accordion-header\">\n\t\t\t\t\t\t<div class=\"accordion-title-wrapper\">\n\t\t\t\t\t\t\t<h4 class=\"accordion-title\">La Reception \u00e8 aperta 24 ore su 24?<\/h4>\t\t\t\t\t\t<\/div>\n\t\t\t\t\t\t\t\t\t\t\t\t\t<div class=\"accordion-icons\">\n\t\t\t\t\t\t\t\t<span\n\t\t\t\t\t\t\t\t\tclass=\"accordion-icon opened-icon\"><i class=\"fal fa-angle-down\"><\/i><\/span>\n\t\t\t\t\t\t\t\t<span\n\t\t\t\t\t\t\t\t\tclass=\"accordion-icon closed-icon\"><i class=\"fal fa-angle-up\"><\/i><\/span>\n\t\t\t\t\t\t\t<\/div>\n\t\t\t\t\t\t\t\t\t\t\t<\/div>\n\t\t\t\t\t<div class=\"accordion-content\">\n\t\t\t\t\t\tS\u00ec, il servizio di Reception \u00e8 disponibile 24 ore su 24.\t\t\t\t\t<\/div>\n\t\t\t\t<\/div>\n\t\t\t\t\t\t\t<div class=\"accordion-section\">\n\t\t\t\t\t<div class=\"accordion-header\">\n\t\t\t\t\t\t<div class=\"accordion-title-wrapper\">\n\t\t\t\t\t\t\t<h4 class=\"accordion-title\">Quali lingue si parlano alla Reception?<\/h4>\t\t\t\t\t\t<\/div>\n\t\t\t\t\t\t\t\t\t\t\t\t\t<div class=\"accordion-icons\">\n\t\t\t\t\t\t\t\t<span\n\t\t\t\t\t\t\t\t\tclass=\"accordion-icon opened-icon\"><i class=\"fal fa-angle-down\"><\/i><\/span>\n\t\t\t\t\t\t\t\t<span\n\t\t\t\t\t\t\t\t\tclass=\"accordion-icon closed-icon\"><i class=\"fal fa-angle-up\"><\/i><\/span>\n\t\t\t\t\t\t\t<\/div>\n\t\t\t\t\t\t\t\t\t\t\t<\/div>\n\t\t\t\t\t<div class=\"accordion-content\">\n\t\t\t\t\t\tItaliano, Inglese.\t\t\t\t\t<\/div>\n\t\t\t\t<\/div>\n\t\t\t\t\t\t\t<div class=\"accordion-section\">\n\t\t\t\t\t<div class=\"accordion-header\">\n\t\t\t\t\t\t<div class=\"accordion-title-wrapper\">\n\t\t\t\t\t\t\t<h4 class=\"accordion-title\">Posso lasciare i miei bagagli?<\/h4>\t\t\t\t\t\t<\/div>\n\t\t\t\t\t\t\t\t\t\t\t\t\t<div class=\"accordion-icons\">\n\t\t\t\t\t\t\t\t<span\n\t\t\t\t\t\t\t\t\tclass=\"accordion-icon opened-icon\"><i class=\"fal fa-angle-down\"><\/i><\/span>\n\t\t\t\t\t\t\t\t<span\n\t\t\t\t\t\t\t\t\tclass=\"accordion-icon closed-icon\"><i class=\"fal fa-angle-up\"><\/i><\/span>\n\t\t\t\t\t\t\t<\/div>\n\t\t\t\t\t\t\t\t\t\t\t<\/div>\n\t\t\t\t\t<div class=\"accordion-content\">\n\t\t\t\t\t\tS\u00ec, possiamo prendere cura dei tuoi bagagli. Se al momento del check-in la tua camera non \u00e8 ancora pronta o in caso di check-out anticipato dopo, conserveremo i tuoi bagagli gratuitamente nei giorni di check-in e check-out.\t\t\t\t\t<\/div>\n\t\t\t\t<\/div>\n\t\t\t\t\t\t\t<div class=\"accordion-section\">\n\t\t\t\t\t<div class=\"accordion-header\">\n\t\t\t\t\t\t<div class=\"accordion-title-wrapper\">\n\t\t\t\t\t\t\t<h4 class=\"accordion-title\">Connessione internet?<\/h4>\t\t\t\t\t\t<\/div>\n\t\t\t\t\t\t\t\t\t\t\t\t\t<div class=\"accordion-icons\">\n\t\t\t\t\t\t\t\t<span\n\t\t\t\t\t\t\t\t\tclass=\"accordion-icon opened-icon\"><i class=\"fal fa-angle-down\"><\/i><\/span>\n\t\t\t\t\t\t\t\t<span\n\t\t\t\t\t\t\t\t\tclass=\"accordion-icon closed-icon\"><i class=\"fal fa-angle-up\"><\/i><\/span>\n\t\t\t\t\t\t\t<\/div>\n\t\t\t\t\t\t\t\t\t\t\t<\/div>\n\t\t\t\t\t<div class=\"accordion-content\">\n\t\t\t\t\t\tUna connessione internet wireless \u00e8 disponibile in tutto l&#8217;hotel.\nLe camere degli ospiti dispongono di connettivit\u00e0 web ad alta velocit\u00e0 (sia wireless che via cavo).\t\t\t\t\t<\/div>\n\t\t\t\t<\/div>\n\t\t\t\t\t\t\t<div class=\"accordion-section\">\n\t\t\t\t\t<div class=\"accordion-header\">\n\t\t\t\t\t\t<div class=\"accordion-title-wrapper\">\n\t\t\t\t\t\t\t<h4 class=\"accordion-title\">Qual \u00e8 l&#039;aeroporto pi\u00f9 vicino?<\/h4>\t\t\t\t\t\t<\/div>\n\t\t\t\t\t\t\t\t\t\t\t\t\t<div class=\"accordion-icons\">\n\t\t\t\t\t\t\t\t<span\n\t\t\t\t\t\t\t\t\tclass=\"accordion-icon opened-icon\"><i class=\"fal fa-angle-down\"><\/i><\/span>\n\t\t\t\t\t\t\t\t<span\n\t\t\t\t\t\t\t\t\tclass=\"accordion-icon closed-icon\"><i class=\"fal fa-angle-up\"><\/i><\/span>\n\t\t\t\t\t\t\t<\/div>\n\t\t\t\t\t\t\t\t\t\t\t<\/div>\n\t\t\t\t\t<div class=\"accordion-content\">\n\t\t\t\t\t\tL&#8217;aeroporto pi\u00f9 vicino \u00e8 l&#8217;Aeroporto Internazionale di Tirana, che si trova a circa 9 km di distanza.\t\t\t\t\t<\/div>\n\t\t\t\t<\/div>\n\t\t\t\t\t<\/div>\n\t\t\t\t<\/div>\n\t\t\t\t<\/div>\n\t\t\t\t\t<\/div>\n\t\t<\/div>\n\t\t\t\t<div class=\"elementor-column elementor-col-50 elementor-top-column elementor-element elementor-element-1284d57\" data-id=\"1284d57\" data-element_type=\"column\">\n\t\t\t<div class=\"elementor-widget-wrap elementor-element-populated\">\n\t\t\t\t\t\t<div class=\"elementor-element elementor-element-590768a elementor-invisible nuss-elementor-loading nuss-slide-in-left elementor-widget elementor-widget-image\" data-id=\"590768a\" data-element_type=\"widget\" data-settings=\"{&quot;_animation&quot;:&quot;nussSlideInLeft&quot;}\" data-widget_type=\"image.default\">\n\t\t\t\t<div class=\"elementor-widget-container\">\n\t\t\t<style>\/*! elementor - v3.19.0 - 05-02-2024 *\/\n.elementor-widget-image{text-align:center}.elementor-widget-image a{display:inline-block}.elementor-widget-image a img[src$=\".svg\"]{width:48px}.elementor-widget-image img{vertical-align:middle;display:inline-block}<\/style>\t\t\t\t\t\t\t\t\t\t<img fetchpriority=\"high\" decoding=\"async\" width=\"2000\" height=\"1333\" src=\"https:\/\/hoteldorocity.com\/wp-content\/uploads\/2024\/02\/picture-guests-getting-key-card-hotel.jpg\" class=\"attachment-full size-full wp-image-21058\" alt=\"\" srcset=\"https:\/\/hoteldorocity.com\/wp-content\/uploads\/2024\/02\/picture-guests-getting-key-card-hotel.jpg 2000w, https:\/\/hoteldorocity.com\/wp-content\/uploads\/2024\/02\/picture-guests-getting-key-card-hotel-300x200.jpg 300w, https:\/\/hoteldorocity.com\/wp-content\/uploads\/2024\/02\/picture-guests-getting-key-card-hotel-1024x682.jpg 1024w, https:\/\/hoteldorocity.com\/wp-content\/uploads\/2024\/02\/picture-guests-getting-key-card-hotel-768x512.jpg 768w, https:\/\/hoteldorocity.com\/wp-content\/uploads\/2024\/02\/picture-guests-getting-key-card-hotel-1536x1024.jpg 1536w, https:\/\/hoteldorocity.com\/wp-content\/uploads\/2024\/02\/picture-guests-getting-key-card-hotel-600x400.jpg 600w\" sizes=\"(max-width: 2000px) 100vw, 2000px\" \/>\t\t\t\t\t\t\t\t\t\t\t\t\t<\/div>\n\t\t\t\t<\/div>\n\t\t\t\t\t<\/div>\n\t\t<\/div>\n\t\t\t\t\t<\/div>\n\t\t<\/section>\n\t\t\t\t<section class=\"elementor-section elementor-top-section elementor-element elementor-element-1fc46fd elementor-section-stretched elementor-section-boxed elementor-section-gap-beside-yes elementor-section-height-default elementor-section-height-default elementor-section-column-vertical-align-stretch elementor-invisible nuss-elementor-loading nuss-slide-in-up\" data-id=\"1fc46fd\" data-element_type=\"section\" data-settings=\"{&quot;stretch_section&quot;:&quot;section-stretched&quot;,&quot;background_background&quot;:&quot;classic&quot;,&quot;animation&quot;:&quot;nussSlideInUp&quot;}\">\n\t\t\t\t\t\t\t<div class=\"elementor-background-overlay\"><\/div>\n\t\t\t\t\t\t\t<div class=\"elementor-container elementor-column-gap-extended\">\n\t\t\t\t\t<div class=\"elementor-column elementor-col-100 elementor-top-column elementor-element elementor-element-cf9f29f\" data-id=\"cf9f29f\" data-element_type=\"column\">\n\t\t\t<div class=\"elementor-widget-wrap elementor-element-populated\">\n\t\t\t\t\t\t<div class=\"elementor-element elementor-element-9c0bbaf elementor-widget__width-initial elementor-invisible elementor-widget elementor-widget-heading\" data-id=\"9c0bbaf\" data-element_type=\"widget\" data-settings=\"{&quot;_animation&quot;:&quot;nussFadeInUp&quot;}\" data-widget_type=\"heading.default\">\n\t\t\t\t<div class=\"elementor-widget-container\">\n\t\t\t<h3 class=\"elementor-heading-title elementor-size-default\">Se hai domande, non esitare a contattarci!<\/h3>\t\t<\/div>\n\t\t\t\t<\/div>\n\t\t\t\t<div class=\"elementor-element elementor-element-38c1fca elementor-align-center elementor-invisible elementor-widget elementor-widget-button\" data-id=\"38c1fca\" data-element_type=\"widget\" data-settings=\"{&quot;_animation&quot;:&quot;nussFadeInUp&quot;}\" data-widget_type=\"button.default\">\n\t\t\t\t<div class=\"elementor-widget-container\">\n\t\t\t\t\t<div class=\"elementor-button-wrapper\">\n\t\t\t<a class=\"elementor-button elementor-button-link elementor-size-sm\" href=\"\/it\/contatti\/\">\n\t\t\t\t\t\t<span class=\"elementor-button-content-wrapper\">\n\t\t\t\t\t\t<span class=\"elementor-button-text\">Contattaci<\/span>\n\t\t<\/span>\n\t\t\t\t\t<\/a>\n\t\t<\/div>\n\t\t\t\t<\/div>\n\t\t\t\t<\/div>\n\t\t\t\t<div class=\"elementor-element elementor-element-9938a8f cta_call elementor-invisible elementor-widget elementor-widget-text-editor\" data-id=\"9938a8f\" data-element_type=\"widget\" data-settings=\"{&quot;_animation&quot;:&quot;nussFadeInUp&quot;}\" data-widget_type=\"text-editor.default\">\n\t\t\t\t<div class=\"elementor-widget-container\">\n\t\t\t\t\t\t\tO chiama <a href=\"tel:+355672043950\">+355 67 204 3950<\/a>\t\t\t\t\t\t<\/div>\n\t\t\t\t<\/div>\n\t\t\t\t\t<\/div>\n\t\t<\/div>\n\t\t\t\t\t<\/div>\n\t\t<\/section>\n\t\t\t\t<\/div>\n\t\t","protected":false},"excerpt":{"rendered":"<p>Di seguito troverai una lista delle domande pi\u00f9 frequentemente fatte dai nostri ospiti. FAQ&#8217;S Domande e Risposte Orario di Check-in &amp; Check-out? Check-in: 15:00 Check-out: 11:00 La Reception \u00e8 aperta 24 ore su 24? S\u00ec, il servizio di Reception \u00e8 disponibile 24 ore su 24. Quali lingue si parlano alla Reception? Italiano, Inglese. Posso lasciare [&hellip;]<\/p>\n","protected":false},"author":1,"featured_media":0,"parent":0,"menu_order":0,"comment_status":"closed","ping_status":"closed","template":"elementor_header_footer","meta":{"inline_featured_image":false,"footnotes":""},"class_list":["post-21302","page","type-page","status-publish","hentry","post-no-thumbnail"],"_links":{"self":[{"href":"https:\/\/hoteldorocity.com\/it\/wp-json\/wp\/v2\/pages\/21302","targetHints":{"allow":["GET"]}}],"collection":[{"href":"https:\/\/hoteldorocity.com\/it\/wp-json\/wp\/v2\/pages"}],"about":[{"href":"https:\/\/hoteldorocity.com\/it\/wp-json\/wp\/v2\/types\/page"}],"author":[{"embeddable":true,"href":"https:\/\/hoteldorocity.com\/it\/wp-json\/wp\/v2\/users\/1"}],"replies":[{"embeddable":true,"href":"https:\/\/hoteldorocity.com\/it\/wp-json\/wp\/v2\/comments?post=21302"}],"version-history":[{"count":7,"href":"https:\/\/hoteldorocity.com\/it\/wp-json\/wp\/v2\/pages\/21302\/revisions"}],"predecessor-version":[{"id":21561,"href":"https:\/\/hoteldorocity.com\/it\/wp-json\/wp\/v2\/pages\/21302\/revisions\/21561"}],"wp:attachment":[{"href":"https:\/\/hoteldorocity.com\/it\/wp-json\/wp\/v2\/media?parent=21302"}],"curies":[{"name":"wp","href":"https:\/\/api.w.org\/{rel}","templated":true}]}}