{"id":21335,"date":"2021-03-23T09:33:48","date_gmt":"2021-03-23T09:33:48","guid":{"rendered":"https:\/\/hoteldorocity.evolvewebstudio.xyz\/about-us\/"},"modified":"2024-04-11T13:39:58","modified_gmt":"2024-04-11T13:39:58","slug":"rreth-nesh","status":"publish","type":"page","link":"https:\/\/hoteldorocity.com\/sq\/rreth-nesh\/","title":{"rendered":"Rreth Nesh"},"content":{"rendered":"\t\t<div data-elementor-type=\"wp-page\" data-elementor-id=\"21335\" class=\"elementor elementor-21335 elementor-2104\">\n\t\t\t\t\t\t<section class=\"elementor-section elementor-top-section elementor-element elementor-element-8f5bb9d elementor-section-boxed elementor-section-gap-beside-yes elementor-section-height-default elementor-section-height-default elementor-section-column-vertical-align-stretch\" data-id=\"8f5bb9d\" data-element_type=\"section\">\n\t\t\t\t\t\t<div class=\"elementor-container elementor-column-gap-extended\">\n\t\t\t\t\t<div class=\"elementor-column elementor-col-100 elementor-top-column elementor-element elementor-element-7ec4215\" data-id=\"7ec4215\" data-element_type=\"column\">\n\t\t\t<div class=\"elementor-widget-wrap elementor-element-populated\">\n\t\t\t\t\t\t<div class=\"elementor-element elementor-element-edd9d03 elementor-widget__width-initial elementor-invisible elementor-widget elementor-widget-text-editor\" data-id=\"edd9d03\" data-element_type=\"widget\" data-settings=\"{&quot;_animation&quot;:&quot;nussFadeInUp&quot;}\" data-widget_type=\"text-editor.default\">\n\t\t\t\t<div class=\"elementor-widget-container\">\n\t\t\t<style>\/*! elementor - v3.19.0 - 05-02-2024 *\/\n.elementor-widget-text-editor.elementor-drop-cap-view-stacked .elementor-drop-cap{background-color:#69727d;color:#fff}.elementor-widget-text-editor.elementor-drop-cap-view-framed .elementor-drop-cap{color:#69727d;border:3px solid;background-color:transparent}.elementor-widget-text-editor:not(.elementor-drop-cap-view-default) .elementor-drop-cap{margin-top:8px}.elementor-widget-text-editor:not(.elementor-drop-cap-view-default) .elementor-drop-cap-letter{width:1em;height:1em}.elementor-widget-text-editor .elementor-drop-cap{float:left;text-align:center;line-height:1;font-size:50px}.elementor-widget-text-editor .elementor-drop-cap-letter{display:inline-block}<\/style>\t\t\t\tHotel Doro City ,Tirane,Shqiperi,  ndertuar ne vitet 1991-1992, eshte nje hotel  luksoz  me 4  yje i cili p\u00ebrcakton prestigjin ,tradit\u00ebn dhe mikpritjen n\u00eb nj\u00eb atmosfer\u00eb t\u00eb qet\u00eb.\t\t\t\t\t\t<\/div>\n\t\t\t\t<\/div>\n\t\t\t\t\t<\/div>\n\t\t<\/div>\n\t\t\t\t\t<\/div>\n\t\t<\/section>\n\t\t\t\t<section class=\"elementor-section elementor-top-section elementor-element elementor-element-3a9cf15 elementor-section-boxed elementor-section-gap-beside-yes elementor-section-height-default elementor-section-height-default elementor-section-column-vertical-align-stretch\" data-id=\"3a9cf15\" data-element_type=\"section\">\n\t\t\t\t\t\t<div class=\"elementor-container elementor-column-gap-extended\">\n\t\t\t\t\t<div class=\"elementor-column elementor-col-50 elementor-top-column elementor-element elementor-element-646e504\" data-id=\"646e504\" data-element_type=\"column\" data-settings=\"{&quot;background_background&quot;:&quot;classic&quot;}\">\n\t\t\t<div class=\"elementor-widget-wrap elementor-element-populated\">\n\t\t\t\t\t\t<div class=\"elementor-element elementor-element-0bf1fc2 elementor-invisible elementor-widget elementor-widget-nuss-heading\" data-id=\"0bf1fc2\" data-element_type=\"widget\" data-settings=\"{&quot;_animation&quot;:&quot;nussFadeInUp&quot;}\" data-widget_type=\"nuss-heading.default\">\n\t\t\t\t<div class=\"elementor-widget-container\">\n\t\t\t\t\t<div class=\"nuss-modern-heading\">\n\t\t\t\n\t\t\t\t\t<div class=\"heading-primary-wrap\">\n\t\t\t<h4 class=\"heading-primary elementor-heading-title\">Rreth Nesh<\/h4>\t\t<\/div>\n\t\t\n\t\t\t\t\t<div class=\"heading-divider-wrap\">\n\t\t\t<div class=\"heading-divider\" style=\"left: 0px;top: 6px\"><\/div>\n\t\t<\/div>\n\t    \n\t\t\t\t\t<\/div>\n\t\t\t\t<\/div>\n\t\t\t\t<\/div>\n\t\t\t\t<div class=\"elementor-element elementor-element-e366928 elementor-invisible elementor-widget elementor-widget-heading\" data-id=\"e366928\" data-element_type=\"widget\" data-settings=\"{&quot;_animation&quot;:&quot;nussFadeInUp&quot;}\" data-widget_type=\"heading.default\">\n\t\t\t\t<div class=\"elementor-widget-container\">\n\t\t\t<style>\/*! elementor - v3.19.0 - 05-02-2024 *\/\n.elementor-heading-title{padding:0;margin:0;line-height:1}.elementor-widget-heading .elementor-heading-title[class*=elementor-size-]>a{color:inherit;font-size:inherit;line-height:inherit}.elementor-widget-heading .elementor-heading-title.elementor-size-small{font-size:15px}.elementor-widget-heading .elementor-heading-title.elementor-size-medium{font-size:19px}.elementor-widget-heading .elementor-heading-title.elementor-size-large{font-size:29px}.elementor-widget-heading .elementor-heading-title.elementor-size-xl{font-size:39px}.elementor-widget-heading .elementor-heading-title.elementor-size-xxl{font-size:59px}<\/style><h3 class=\"elementor-heading-title elementor-size-default\">Hotel Doro City Tiran\u00eb\n<\/h3>\t\t<\/div>\n\t\t\t\t<\/div>\n\t\t\t\t<div class=\"elementor-element elementor-element-304aa59 elementor-invisible elementor-widget elementor-widget-text-editor\" data-id=\"304aa59\" data-element_type=\"widget\" data-settings=\"{&quot;_animation&quot;:&quot;nussFadeInUp&quot;}\" data-widget_type=\"text-editor.default\">\n\t\t\t\t<div class=\"elementor-widget-container\">\n\t\t\t\t\t\t\tHoteli ndodhet  n\u00eb nje pozicion  ideal dhe  nje  distance   prej vetem pak minutash ne kembe nga qendra e Tiran\u00ebs  nga objektet kulturore dhe atraktive turistike te Tiranes.\n<br><br>\nNe ju ofrojm\u00eb nj\u00eb  mikpritje shqiptare dhe nje sh\u00ebrbim miq\u00ebsor q\u00eb e b\u00ebn at\u00eb zgjedhjen tuaj  p\u00ebr biznes apo zbavitje.Esht\u00eb konsideruar  si nj\u00eb hotel biznesi dhe nje hotel ne te cilen ju mund te relaksoheni per te kaluar pushimet tuaja ose kohen e lire. N\u00ebse ju planifikoni t\u00eb vizitoni Tiran\u00ebn ,kryeqytetin e Shqiperise dhe jeni  n\u00eb k\u00ebrkim t\u00eb  standardeve t\u00eb p\u00ebrshtatshme te nje  komoditeti , ne ju ftojm\u00eb t\u00eb vizitoni faqen ton\u00eb t\u00eb internetit qe ju t\u00eb keni  rezultatet me te mira dhe ekskluzive , duke i krahasuar standartet tona me ato te hoteleve t\u00eb tjera t\u00eb qendr\u00ebs s\u00eb qytetit n\u00eb Tiran\u00eb , (Shqip\u00ebri).\t\t\t\t\t\t<\/div>\n\t\t\t\t<\/div>\n\t\t\t\t\t<\/div>\n\t\t<\/div>\n\t\t\t\t<div class=\"elementor-column elementor-col-50 elementor-top-column elementor-element elementor-element-f64c4a3\" data-id=\"f64c4a3\" data-element_type=\"column\">\n\t\t\t<div class=\"elementor-widget-wrap elementor-element-populated\">\n\t\t\t\t\t\t<div class=\"elementor-element elementor-element-bea4a36 image-slidedorocity elementor-arrows-position-inside elementor-widget elementor-widget-image-carousel\" data-id=\"bea4a36\" data-element_type=\"widget\" data-settings=\"{&quot;slides_to_show&quot;:&quot;1&quot;,&quot;navigation&quot;:&quot;arrows&quot;,&quot;slides_to_show_tablet&quot;:&quot;1&quot;,&quot;autoplay&quot;:&quot;yes&quot;,&quot;pause_on_hover&quot;:&quot;yes&quot;,&quot;pause_on_interaction&quot;:&quot;yes&quot;,&quot;autoplay_speed&quot;:5000,&quot;infinite&quot;:&quot;yes&quot;,&quot;effect&quot;:&quot;slide&quot;,&quot;speed&quot;:500}\" data-widget_type=\"image-carousel.default\">\n\t\t\t\t<div class=\"elementor-widget-container\">\n\t\t\t<style>\/*! elementor - v3.19.0 - 05-02-2024 *\/\n.elementor-widget-image-carousel .swiper,.elementor-widget-image-carousel .swiper-container{position:static}.elementor-widget-image-carousel .swiper-container .swiper-slide figure,.elementor-widget-image-carousel .swiper .swiper-slide figure{line-height:inherit}.elementor-widget-image-carousel .swiper-slide{text-align:center}.elementor-image-carousel-wrapper:not(.swiper-container-initialized):not(.swiper-initialized) .swiper-slide{max-width:calc(100% \/ var(--e-image-carousel-slides-to-show, 3))}<\/style>\t\t<div class=\"elementor-image-carousel-wrapper swiper-container\" dir=\"ltr\">\n\t\t\t<div class=\"elementor-image-carousel swiper-wrapper\" aria-live=\"off\">\n\t\t\t\t\t\t\t\t<div class=\"swiper-slide\" role=\"group\" aria-roledescription=\"slide\" aria-label=\"1 of 4\"><figure class=\"swiper-slide-inner\"><img decoding=\"async\" class=\"swiper-slide-image\" src=\"https:\/\/hoteldorocity.com\/wp-content\/uploads\/2024\/04\/WhatsApp-Image-2024-04-02-at-13.41.04_6516b26a.jpg\" alt=\"WhatsApp Image 2024-04-02 at 13.41.04_6516b26a\" \/><\/figure><\/div><div class=\"swiper-slide\" role=\"group\" aria-roledescription=\"slide\" aria-label=\"2 of 4\"><figure class=\"swiper-slide-inner\"><img decoding=\"async\" class=\"swiper-slide-image\" src=\"https:\/\/hoteldorocity.com\/wp-content\/uploads\/2024\/04\/WhatsApp-Image-2024-04-02-at-13.41.07_a4480b6e-1.jpg\" alt=\"WhatsApp Image 2024-04-02 at 13.41.07_a4480b6e\" \/><\/figure><\/div><div class=\"swiper-slide\" role=\"group\" aria-roledescription=\"slide\" aria-label=\"3 of 4\"><figure class=\"swiper-slide-inner\"><img decoding=\"async\" class=\"swiper-slide-image\" src=\"https:\/\/hoteldorocity.com\/wp-content\/uploads\/2024\/04\/WhatsApp-Image-2024-04-02-at-13.41.04_45d97793.jpg\" alt=\"WhatsApp Image 2024-04-02 at 13.41.04_45d97793\" \/><\/figure><\/div><div class=\"swiper-slide\" role=\"group\" aria-roledescription=\"slide\" aria-label=\"4 of 4\"><figure class=\"swiper-slide-inner\"><img decoding=\"async\" class=\"swiper-slide-image\" src=\"https:\/\/hoteldorocity.com\/wp-content\/uploads\/2024\/04\/WhatsApp-Image-2024-04-02-at-13.41.08_e8f3f52b.jpg\" alt=\"WhatsApp Image 2024-04-02 at 13.41.08_e8f3f52b\" \/><\/figure><\/div>\t\t\t<\/div>\n\t\t\t\t\t\t\t\t\t\t\t\t<div class=\"elementor-swiper-button elementor-swiper-button-prev\" role=\"button\" tabindex=\"0\">\n\t\t\t\t\t\t<i aria-hidden=\"true\" class=\"eicon-chevron-left\"><\/i>\t\t\t\t\t<\/div>\n\t\t\t\t\t<div class=\"elementor-swiper-button elementor-swiper-button-next\" role=\"button\" tabindex=\"0\">\n\t\t\t\t\t\t<i aria-hidden=\"true\" class=\"eicon-chevron-right\"><\/i>\t\t\t\t\t<\/div>\n\t\t\t\t\n\t\t\t\t\t\t\t\t\t<\/div>\n\t\t\t\t<\/div>\n\t\t\t\t<\/div>\n\t\t\t\t\t<\/div>\n\t\t<\/div>\n\t\t\t\t\t<\/div>\n\t\t<\/section>\n\t\t\t\t<section class=\"elementor-section elementor-top-section elementor-element elementor-element-5b2fc1b elementor-section-boxed elementor-section-gap-beside-yes elementor-section-height-default elementor-section-height-default elementor-section-column-vertical-align-stretch\" data-id=\"5b2fc1b\" data-element_type=\"section\">\n\t\t\t\t\t\t<div class=\"elementor-container elementor-column-gap-extended\">\n\t\t\t\t\t<div class=\"elementor-column elementor-col-50 elementor-top-column elementor-element elementor-element-f6f48a2\" data-id=\"f6f48a2\" data-element_type=\"column\">\n\t\t\t<div class=\"elementor-widget-wrap elementor-element-populated\">\n\t\t\t\t\t\t<div class=\"elementor-element elementor-element-162595a image-slidedorocity elementor-arrows-position-inside elementor-widget elementor-widget-image-carousel\" data-id=\"162595a\" data-element_type=\"widget\" data-settings=\"{&quot;slides_to_show&quot;:&quot;1&quot;,&quot;navigation&quot;:&quot;arrows&quot;,&quot;slides_to_show_tablet&quot;:&quot;1&quot;,&quot;autoplay&quot;:&quot;yes&quot;,&quot;pause_on_hover&quot;:&quot;yes&quot;,&quot;pause_on_interaction&quot;:&quot;yes&quot;,&quot;autoplay_speed&quot;:5000,&quot;infinite&quot;:&quot;yes&quot;,&quot;effect&quot;:&quot;slide&quot;,&quot;speed&quot;:500}\" data-widget_type=\"image-carousel.default\">\n\t\t\t\t<div class=\"elementor-widget-container\">\n\t\t\t\t\t<div class=\"elementor-image-carousel-wrapper swiper-container\" dir=\"ltr\">\n\t\t\t<div class=\"elementor-image-carousel swiper-wrapper\" aria-live=\"off\">\n\t\t\t\t\t\t\t\t<div class=\"swiper-slide\" role=\"group\" aria-roledescription=\"slide\" aria-label=\"1 of 6\"><figure class=\"swiper-slide-inner\"><img decoding=\"async\" class=\"swiper-slide-image\" src=\"https:\/\/hoteldorocity.com\/wp-content\/uploads\/2024\/02\/monument-skanderbeg-scanderbeg-square-center-tirana-albania.jpg\" alt=\"monument-skanderbeg-scanderbeg-square-center-tirana-albania\" \/><\/figure><\/div><div class=\"swiper-slide\" role=\"group\" aria-roledescription=\"slide\" aria-label=\"2 of 6\"><figure class=\"swiper-slide-inner\"><img decoding=\"async\" class=\"swiper-slide-image\" src=\"https:\/\/hoteldorocity.com\/wp-content\/uploads\/2024\/02\/female-tourist-with-her-back-turned-entrance-national-historical-museum-skanderbeg-square-tirana-albania.jpg\" alt=\"female-tourist-with-her-back-turned-entrance-national-historical-museum-skanderbeg-square-tirana-albania\" \/><\/figure><\/div><div class=\"swiper-slide\" role=\"group\" aria-roledescription=\"slide\" aria-label=\"3 of 6\"><figure class=\"swiper-slide-inner\"><img decoding=\"async\" class=\"swiper-slide-image\" src=\"https:\/\/hoteldorocity.com\/wp-content\/uploads\/2024\/02\/kruja-castle.jpg\" alt=\"kruja castle\" \/><\/figure><\/div><div class=\"swiper-slide\" role=\"group\" aria-roledescription=\"slide\" aria-label=\"4 of 6\"><figure class=\"swiper-slide-inner\"><img decoding=\"async\" class=\"swiper-slide-image\" src=\"https:\/\/hoteldorocity.com\/wp-content\/uploads\/2024\/02\/Dajti-Mountain.webp\" alt=\"Dajti Mountain\" \/><\/figure><\/div><div class=\"swiper-slide\" role=\"group\" aria-roledescription=\"slide\" aria-label=\"5 of 6\"><figure class=\"swiper-slide-inner\"><img decoding=\"async\" class=\"swiper-slide-image\" src=\"https:\/\/hoteldorocity.com\/wp-content\/uploads\/2024\/02\/Pallati-kongreseve.jpg\" alt=\"Pallati-kongreseve\" \/><\/figure><\/div><div class=\"swiper-slide\" role=\"group\" aria-roledescription=\"slide\" aria-label=\"6 of 6\"><figure class=\"swiper-slide-inner\"><img decoding=\"async\" class=\"swiper-slide-image\" src=\"https:\/\/hoteldorocity.com\/wp-content\/uploads\/2024\/02\/aeroporti-nen-tereza.jpg\" alt=\"aeroporti nen tereza\" \/><\/figure><\/div>\t\t\t<\/div>\n\t\t\t\t\t\t\t\t\t\t\t\t<div class=\"elementor-swiper-button elementor-swiper-button-prev\" role=\"button\" tabindex=\"0\">\n\t\t\t\t\t\t<i aria-hidden=\"true\" class=\"eicon-chevron-left\"><\/i>\t\t\t\t\t<\/div>\n\t\t\t\t\t<div class=\"elementor-swiper-button elementor-swiper-button-next\" role=\"button\" tabindex=\"0\">\n\t\t\t\t\t\t<i aria-hidden=\"true\" class=\"eicon-chevron-right\"><\/i>\t\t\t\t\t<\/div>\n\t\t\t\t\n\t\t\t\t\t\t\t\t\t<\/div>\n\t\t\t\t<\/div>\n\t\t\t\t<\/div>\n\t\t\t\t\t<\/div>\n\t\t<\/div>\n\t\t\t\t<div class=\"elementor-column elementor-col-50 elementor-top-column elementor-element elementor-element-cac97df\" data-id=\"cac97df\" data-element_type=\"column\" data-settings=\"{&quot;background_background&quot;:&quot;classic&quot;}\">\n\t\t\t<div class=\"elementor-widget-wrap elementor-element-populated\">\n\t\t\t\t\t\t<div class=\"elementor-element elementor-element-90af4f2 elementor-invisible elementor-widget elementor-widget-nuss-heading\" data-id=\"90af4f2\" data-element_type=\"widget\" data-settings=\"{&quot;_animation&quot;:&quot;nussFadeInUp&quot;}\" data-widget_type=\"nuss-heading.default\">\n\t\t\t\t<div class=\"elementor-widget-container\">\n\t\t\t\t\t<div class=\"nuss-modern-heading\">\n\t\t\t\n\t\t\t\t\t<div class=\"heading-primary-wrap\">\n\t\t\t<h4 class=\"heading-primary elementor-heading-title\">Hotel Doro City<\/h4>\t\t<\/div>\n\t\t\n\t\t\t\t\t<div class=\"heading-divider-wrap\">\n\t\t\t<div class=\"heading-divider\" style=\"left: 0px;top: 6px\"><\/div>\n\t\t<\/div>\n\t    \n\t\t\t\t\t<\/div>\n\t\t\t\t<\/div>\n\t\t\t\t<\/div>\n\t\t\t\t<div class=\"elementor-element elementor-element-541cf0a elementor-invisible elementor-widget elementor-widget-heading\" data-id=\"541cf0a\" data-element_type=\"widget\" data-settings=\"{&quot;_animation&quot;:&quot;nussFadeInUp&quot;}\" data-widget_type=\"heading.default\">\n\t\t\t\t<div class=\"elementor-widget-container\">\n\t\t\t<h3 class=\"elementor-heading-title elementor-size-default\">Pozicion Strategjik<\/h3>\t\t<\/div>\n\t\t\t\t<\/div>\n\t\t\t\t<div class=\"elementor-element elementor-element-280f3a4 elementor-invisible elementor-widget elementor-widget-text-editor\" data-id=\"280f3a4\" data-element_type=\"widget\" data-settings=\"{&quot;_animation&quot;:&quot;nussFadeInUp&quot;}\" data-widget_type=\"text-editor.default\">\n\t\t\t\t<div class=\"elementor-widget-container\">\n\t\t\t\t\t\t\tHoteli ndodhet  n\u00eb nje pozicion  ideal dhe  nje  distance   prej vetem pak minutash ne kembe nga qendra e Tiran\u00ebs  nga objektet kulturore dhe atraktive turistike te Tiranes.\n<br><br>\nAkomodimi komod dhe karakteristikat e vecanta te ambienteve qe ofron , e percaktojne si hotelin me cil\u00ebsor n\u00eb Tiran\u00eb, Shqiperi.\n<br><br>\nMe 56 dhoma dhe ambiente profesionale per konferenca,seminare dhe aktivitete te ndryshme ,bar dhe restaurant luksoz, me nje kapacitet te konsiderueshem per evenimente te ndryshme, Hotel Doro City , Tirane \u00ebsht\u00eb vendi ideal p\u00ebr nj\u00eb aktivitet biznesi apo kohe t\u00eb lir\u00eb n\u00eb Tiran\u00eb, Shqip\u00ebri.\t\t\t\t\t\t<\/div>\n\t\t\t\t<\/div>\n\t\t\t\t\t<\/div>\n\t\t<\/div>\n\t\t\t\t\t<\/div>\n\t\t<\/section>\n\t\t\t\t<section class=\"elementor-section elementor-top-section elementor-element elementor-element-3d19137 elementor-section-boxed elementor-section-gap-beside-yes elementor-section-height-default elementor-section-height-default elementor-section-column-vertical-align-stretch\" data-id=\"3d19137\" data-element_type=\"section\">\n\t\t\t\t\t\t<div class=\"elementor-container elementor-column-gap-extended\">\n\t\t\t\t\t<div class=\"elementor-column elementor-col-100 elementor-top-column elementor-element elementor-element-103c354\" data-id=\"103c354\" data-element_type=\"column\">\n\t\t\t<div class=\"elementor-widget-wrap elementor-element-populated\">\n\t\t\t\t\t\t<section class=\"elementor-section elementor-inner-section elementor-element elementor-element-bc68fb2 cta-book-now elementor-section-boxed elementor-section-gap-beside-yes elementor-section-height-default elementor-section-height-default elementor-section-column-vertical-align-stretch\" data-id=\"bc68fb2\" data-element_type=\"section\">\n\t\t\t\t\t\t<div class=\"elementor-container elementor-column-gap-extended\">\n\t\t\t\t\t<div class=\"elementor-column elementor-col-50 elementor-inner-column elementor-element elementor-element-1220357\" data-id=\"1220357\" data-element_type=\"column\">\n\t\t\t<div class=\"elementor-widget-wrap elementor-element-populated\">\n\t\t\t\t\t\t<div class=\"elementor-element elementor-element-de1f66e elementor-invisible elementor-widget elementor-widget-nuss-heading\" data-id=\"de1f66e\" data-element_type=\"widget\" data-settings=\"{&quot;_animation&quot;:&quot;nussFadeInUp&quot;}\" data-widget_type=\"nuss-heading.default\">\n\t\t\t\t<div class=\"elementor-widget-container\">\n\t\t\t\t\t<div class=\"nuss-modern-heading\">\n\t\t\t\t\t<div class=\"heading-secondary-wrap\">\n\t\t\t<span class=\"heading-secondary elementor-heading-title\">Hotel Doro City<\/span>\t\t<\/div>\n\t\t\n\t\t\t\t\t<div class=\"heading-primary-wrap\">\n\t\t\t<h3 class=\"heading-primary elementor-heading-title\">Rezervo tani nje eksperienc\u00eb t\u00eb pa harrueshme<\/h3>\t\t<\/div>\n\t\t\n\t\t\t\n\t\t\t\t\t<\/div>\n\t\t\t\t<\/div>\n\t\t\t\t<\/div>\n\t\t\t\t\t<\/div>\n\t\t<\/div>\n\t\t\t\t<div class=\"elementor-column elementor-col-50 elementor-inner-column elementor-element elementor-element-b0cb26f\" data-id=\"b0cb26f\" data-element_type=\"column\">\n\t\t\t<div class=\"elementor-widget-wrap elementor-element-populated\">\n\t\t\t\t\t\t<div class=\"elementor-element elementor-element-2eef688 button-doro-book elementor-widget elementor-widget-html\" data-id=\"2eef688\" data-element_type=\"widget\" data-widget_type=\"html.default\">\n\t\t\t\t<div class=\"elementor-widget-container\">\n\t\t\t<div class=\"header-button-01 ux-element align-left icon-before\" data-id=\"header-button-01\">\n\t\t\t\t\t<a href=\"#canvas-check-availabity\" class=\"nuss-button full-filled btn-nuss-popup size-m\">\n\t\t\t\t\t\t\t\t\t\t\t\t\t<i class=\"fal fa-concierge-bell\"><\/i>\n\t\t\t\t\t\t\t\t\t\t\t\tRezervo Tani\t\t\t\t\t\t\t\t\t\t\t<\/a>\n\t\t\t\t<\/div>\t\t<\/div>\n\t\t\t\t<\/div>\n\t\t\t\t\t<\/div>\n\t\t<\/div>\n\t\t\t\t\t<\/div>\n\t\t<\/section>\n\t\t\t\t\t<\/div>\n\t\t<\/div>\n\t\t\t\t\t<\/div>\n\t\t<\/section>\n\t\t\t\t<\/div>\n\t\t","protected":false},"excerpt":{"rendered":"<p>Hotel Doro City ,Tirane,Shqiperi, ndertuar ne vitet 1991-1992, eshte nje hotel luksoz me 4 yje i cili p\u00ebrcakton prestigjin ,tradit\u00ebn dhe mikpritjen n\u00eb nj\u00eb atmosfer\u00eb t\u00eb qet\u00eb. Rreth Nesh Hotel Doro City Tiran\u00eb Hoteli ndodhet n\u00eb nje pozicion ideal dhe nje distance prej vetem pak minutash ne kembe nga qendra e Tiran\u00ebs nga objektet kulturore [&hellip;]<\/p>\n","protected":false},"author":1,"featured_media":0,"parent":0,"menu_order":0,"comment_status":"closed","ping_status":"closed","template":"elementor_header_footer","meta":{"inline_featured_image":false,"footnotes":""},"class_list":["post-21335","page","type-page","status-publish","hentry","post-no-thumbnail"],"_links":{"self":[{"href":"https:\/\/hoteldorocity.com\/sq\/wp-json\/wp\/v2\/pages\/21335","targetHints":{"allow":["GET"]}}],"collection":[{"href":"https:\/\/hoteldorocity.com\/sq\/wp-json\/wp\/v2\/pages"}],"about":[{"href":"https:\/\/hoteldorocity.com\/sq\/wp-json\/wp\/v2\/types\/page"}],"author":[{"embeddable":true,"href":"https:\/\/hoteldorocity.com\/sq\/wp-json\/wp\/v2\/users\/1"}],"replies":[{"embeddable":true,"href":"https:\/\/hoteldorocity.com\/sq\/wp-json\/wp\/v2\/comments?post=21335"}],"version-history":[{"count":11,"href":"https:\/\/hoteldorocity.com\/sq\/wp-json\/wp\/v2\/pages\/21335\/revisions"}],"predecessor-version":[{"id":21530,"href":"https:\/\/hoteldorocity.com\/sq\/wp-json\/wp\/v2\/pages\/21335\/revisions\/21530"}],"wp:attachment":[{"href":"https:\/\/hoteldorocity.com\/sq\/wp-json\/wp\/v2\/media?parent=21335"}],"curies":[{"name":"wp","href":"https:\/\/api.w.org\/{rel}","templated":true}]}}