{"id":21356,"date":"2024-02-09T10:17:10","date_gmt":"2024-02-09T10:17:10","guid":{"rendered":"https:\/\/hoteldorocity.evolvewebstudio.xyz\/dining\/"},"modified":"2024-04-04T08:37:53","modified_gmt":"2024-04-04T08:37:53","slug":"restoranti","status":"publish","type":"page","link":"https:\/\/hoteldorocity.com\/sq\/restoranti\/","title":{"rendered":"Restoranti"},"content":{"rendered":"\t\t<div data-elementor-type=\"wp-page\" data-elementor-id=\"21356\" class=\"elementor elementor-21356 elementor-20762\">\n\t\t\t\t\t\t<section class=\"elementor-section elementor-top-section elementor-element elementor-element-cae9346 elementor-section-boxed elementor-section-gap-beside-yes elementor-section-height-default elementor-section-height-default elementor-section-column-vertical-align-stretch\" data-id=\"cae9346\" data-element_type=\"section\">\n\t\t\t\t\t\t<div class=\"elementor-container elementor-column-gap-extended\">\n\t\t\t\t\t<div class=\"elementor-column elementor-col-100 elementor-top-column elementor-element elementor-element-ca94ba9\" data-id=\"ca94ba9\" data-element_type=\"column\">\n\t\t\t<div class=\"elementor-widget-wrap elementor-element-populated\">\n\t\t\t\t\t\t<div class=\"elementor-element elementor-element-e7b04dc elementor-widget__width-initial elementor-invisible elementor-widget elementor-widget-text-editor\" data-id=\"e7b04dc\" data-element_type=\"widget\" data-settings=\"{&quot;_animation&quot;:&quot;nussFadeInUp&quot;}\" data-widget_type=\"text-editor.default\">\n\t\t\t\t<div class=\"elementor-widget-container\">\n\t\t\t<style>\/*! elementor - v3.19.0 - 05-02-2024 *\/\n.elementor-widget-text-editor.elementor-drop-cap-view-stacked .elementor-drop-cap{background-color:#69727d;color:#fff}.elementor-widget-text-editor.elementor-drop-cap-view-framed .elementor-drop-cap{color:#69727d;border:3px solid;background-color:transparent}.elementor-widget-text-editor:not(.elementor-drop-cap-view-default) .elementor-drop-cap{margin-top:8px}.elementor-widget-text-editor:not(.elementor-drop-cap-view-default) .elementor-drop-cap-letter{width:1em;height:1em}.elementor-widget-text-editor .elementor-drop-cap{float:left;text-align:center;line-height:1;font-size:50px}.elementor-widget-text-editor .elementor-drop-cap-letter{display:inline-block}<\/style>\t\t\t\tShijoni kuzhin\u00ebn e shijshme shqiptare ose nd\u00ebrkomb\u00ebtare,  zgjidhni nj\u00eb ver\u00eb t\u00eb mir\u00eb, nj\u00eb ver\u00eb tradicionale Llakmani nga lista jon\u00eb e shk\u00eblqyer e ver\u00ebrave p\u00ebr t\u00eb shoq\u00ebruar vaktin tuaj.\t\t\t\t\t\t<\/div>\n\t\t\t\t<\/div>\n\t\t\t\t\t<\/div>\n\t\t<\/div>\n\t\t\t\t\t<\/div>\n\t\t<\/section>\n\t\t\t\t<section class=\"elementor-section elementor-top-section elementor-element elementor-element-593c80e elementor-section-boxed elementor-section-gap-beside-yes elementor-section-height-default elementor-section-height-default elementor-section-column-vertical-align-stretch\" data-id=\"593c80e\" data-element_type=\"section\">\n\t\t\t\t\t\t<div class=\"elementor-container elementor-column-gap-extended\">\n\t\t\t\t\t<div class=\"elementor-column elementor-col-33 elementor-top-column elementor-element elementor-element-68853da\" data-id=\"68853da\" data-element_type=\"column\">\n\t\t\t<div class=\"elementor-widget-wrap elementor-element-populated\">\n\t\t\t\t\t\t<div class=\"elementor-element elementor-element-6e68552 elementor-align-center elementor-invisible elementor-widget elementor-widget-nuss-button\" data-id=\"6e68552\" data-element_type=\"widget\" data-settings=\"{&quot;_animation&quot;:&quot;nussFadeInUp&quot;}\" data-widget_type=\"nuss-button.default\">\n\t\t\t\t<div class=\"elementor-widget-container\">\n\t\t\t\t\t<div class=\"nuss-ele-button-wrapper\">\n\t\t\t<a href=\"#\" class=\"nuss-ele-button-link nuss-ele-button style-border nuss-ele-button-nm\" role=\"button\">\n\t\t\t\t\t\t<div class=\"button-content-wrapper\">\n\t\t\t\n\t\t\t\t\t\t\t<span class=\"button-text\">Menu Anglisht<\/span>\n\t\t\t\n\t\t\t\t\t<\/div>\n\t\t\n\t\t\t\t\t\t\t<\/a>\n\t\t<\/div>\n\t\t\t\t<\/div>\n\t\t\t\t<\/div>\n\t\t\t\t\t<\/div>\n\t\t<\/div>\n\t\t\t\t<div class=\"elementor-column elementor-col-33 elementor-top-column elementor-element elementor-element-dff93f4\" data-id=\"dff93f4\" data-element_type=\"column\">\n\t\t\t<div class=\"elementor-widget-wrap elementor-element-populated\">\n\t\t\t\t\t\t<div class=\"elementor-element elementor-element-6662041 elementor-align-center elementor-invisible elementor-widget elementor-widget-nuss-button\" data-id=\"6662041\" data-element_type=\"widget\" data-settings=\"{&quot;_animation&quot;:&quot;nussFadeInUp&quot;}\" data-widget_type=\"nuss-button.default\">\n\t\t\t\t<div class=\"elementor-widget-container\">\n\t\t\t\t\t<div class=\"nuss-ele-button-wrapper\">\n\t\t\t<a href=\"#\" class=\"nuss-ele-button-link nuss-ele-button style-border nuss-ele-button-nm\" role=\"button\">\n\t\t\t\t\t\t<div class=\"button-content-wrapper\">\n\t\t\t\n\t\t\t\t\t\t\t<span class=\"button-text\">Menu Italisht<\/span>\n\t\t\t\n\t\t\t\t\t<\/div>\n\t\t\n\t\t\t\t\t\t\t<\/a>\n\t\t<\/div>\n\t\t\t\t<\/div>\n\t\t\t\t<\/div>\n\t\t\t\t\t<\/div>\n\t\t<\/div>\n\t\t\t\t<div class=\"elementor-column elementor-col-33 elementor-top-column elementor-element elementor-element-91effff\" data-id=\"91effff\" data-element_type=\"column\">\n\t\t\t<div class=\"elementor-widget-wrap elementor-element-populated\">\n\t\t\t\t\t\t<div class=\"elementor-element elementor-element-52eaf91 elementor-align-center elementor-invisible elementor-widget elementor-widget-nuss-button\" data-id=\"52eaf91\" data-element_type=\"widget\" data-settings=\"{&quot;_animation&quot;:&quot;nussFadeInUp&quot;}\" data-widget_type=\"nuss-button.default\">\n\t\t\t\t<div class=\"elementor-widget-container\">\n\t\t\t\t\t<div class=\"nuss-ele-button-wrapper\">\n\t\t\t<a href=\"#\" class=\"nuss-ele-button-link nuss-ele-button style-border nuss-ele-button-nm\" role=\"button\">\n\t\t\t\t\t\t<div class=\"button-content-wrapper\">\n\t\t\t\n\t\t\t\t\t\t\t<span class=\"button-text\">Menu Shqip<\/span>\n\t\t\t\n\t\t\t\t\t<\/div>\n\t\t\n\t\t\t\t\t\t\t<\/a>\n\t\t<\/div>\n\t\t\t\t<\/div>\n\t\t\t\t<\/div>\n\t\t\t\t\t<\/div>\n\t\t<\/div>\n\t\t\t\t\t<\/div>\n\t\t<\/section>\n\t\t\t\t<section class=\"elementor-section elementor-top-section elementor-element elementor-element-6c51565 elementor-section-boxed elementor-section-gap-beside-yes elementor-section-height-default elementor-section-height-default elementor-section-column-vertical-align-stretch\" data-id=\"6c51565\" data-element_type=\"section\">\n\t\t\t\t\t\t<div class=\"elementor-container elementor-column-gap-extended\">\n\t\t\t\t\t<div class=\"elementor-column elementor-col-100 elementor-top-column elementor-element elementor-element-1a7d448\" data-id=\"1a7d448\" data-element_type=\"column\">\n\t\t\t<div class=\"elementor-widget-wrap elementor-element-populated\">\n\t\t\t\t\t\t<div class=\"elementor-element elementor-element-45c5554 elementor-widget elementor-widget-heading\" data-id=\"45c5554\" data-element_type=\"widget\" data-widget_type=\"heading.default\">\n\t\t\t\t<div class=\"elementor-widget-container\">\n\t\t\t<style>\/*! elementor - v3.19.0 - 05-02-2024 *\/\n.elementor-heading-title{padding:0;margin:0;line-height:1}.elementor-widget-heading .elementor-heading-title[class*=elementor-size-]>a{color:inherit;font-size:inherit;line-height:inherit}.elementor-widget-heading .elementor-heading-title.elementor-size-small{font-size:15px}.elementor-widget-heading .elementor-heading-title.elementor-size-medium{font-size:19px}.elementor-widget-heading .elementor-heading-title.elementor-size-large{font-size:29px}.elementor-widget-heading .elementor-heading-title.elementor-size-xl{font-size:39px}.elementor-widget-heading .elementor-heading-title.elementor-size-xxl{font-size:59px}<\/style><h2 class=\"elementor-heading-title elementor-size-default\">Tradicionale dhe Kuzhine Globale<\/h2>\t\t<\/div>\n\t\t\t\t<\/div>\n\t\t\t\t<div class=\"elementor-element elementor-element-68512d3 elementor-invisible elementor-widget elementor-widget-text-editor\" data-id=\"68512d3\" data-element_type=\"widget\" data-settings=\"{&quot;_animation&quot;:&quot;nussFadeInUp&quot;}\" data-widget_type=\"text-editor.default\">\n\t\t\t\t<div class=\"elementor-widget-container\">\n\t\t\t\t\t\t\t<p>Menut\u00eb tona ofrojn\u00eb nj\u00eb panoram\u00eb ku nderthuren ushqimet m\u00eb t\u00eb mira tradicionale shqiptare, nd\u00ebrkomb\u00ebtare, panoram\u00eb q\u00eb plot\u00ebsohet nga nj\u00eb p\u00ebrzgjedhje e ver\u00ebrave nga e gjith\u00eb bota. T\u00eb gjitha k\u00ebto receta t\u00eb shijshme ju prezantohen me nj\u00eb talent fantastik nga kryekuzhinieri yn\u00eb dhe ekipi i tij i kuzhin\u00ebs.<\/p><p>P\u00ebr m\u00eb shum\u00eb detaje rreth menuve tradicionale apo nd\u00ebrkomb\u00ebtare, ju lutemi na kontaktoni n\u00eb: <a href=\"mailto:event@hoteldorocity.com\">event@hoteldorocity.com<\/a><\/p><p>P\u00ebr festimet, dasma ka nj\u00eb zgjedhje t\u00eb dhomave private t\u00eb ngr\u00ebnies p\u00ebr t\u00eb shijuar eventin tuaj me stil. Ju mund t\u00eb shijoni nj\u00eb nat\u00eb martese relaksuese dhe luksoze n\u00eb nj\u00eb nga suitat tona!!!<\/p>\t\t\t\t\t\t<\/div>\n\t\t\t\t<\/div>\n\t\t\t\t<div class=\"elementor-element elementor-element-a6dce94 slide-nuss-arrow bullets-v-align-below elementor-widget elementor-widget-nuss-image-carousel\" data-id=\"a6dce94\" data-element_type=\"widget\" data-widget_type=\"nuss-image-carousel.default\">\n\t\t\t\t<div class=\"elementor-widget-container\">\n\t\t\t\n\t\t<div  class=\"nuss-swiper nuss-slider-widget nav-style-03\" data-lg-items=\"1\" data-lg-gutter=\"30\" data-nav=\"1\" data-nav-aligned-by=\"slider\" data-loop=\"1\" data-simulate-touch=\"1\" data-speed=\"1000\" data-effect=\"slide\">\n\t\t\t<div class=\"swiper-inner\">\n\n\t\t\t\t\n\t\t\t\t<div class=\"swiper-container swiper\">\n\t\t\t\t\t<div class=\"swiper-wrapper\">\n\t\t\t\t\t\t\t\t\t<div class=\"swiper-slide\">\n\t\t\t\t<div class=\"image\">\n\t\t\t\t\t<img decoding=\"async\"  src=\"https:\/\/hoteldorocity.com\/wp-content\/uploads\/2024\/04\/WhatsApp-Image-2024-04-02-at-13.41.04_6516b26a.jpg\" alt=\"WhatsApp Image 2024-04-02 at 13.41.04_6516b26a\" \/>\t\t\t\t<\/div>\n\t\t\t<\/div>\n\t\t\t\t\t\t<div class=\"swiper-slide\">\n\t\t\t\t<div class=\"image\">\n\t\t\t\t\t<img decoding=\"async\"  src=\"https:\/\/hoteldorocity.com\/wp-content\/uploads\/2024\/04\/WhatsApp-Image-2024-04-02-at-13.41.04_45d97793.jpg\" alt=\"WhatsApp Image 2024-04-02 at 13.41.04_45d97793\" \/>\t\t\t\t<\/div>\n\t\t\t<\/div>\n\t\t\t\t\t\t<div class=\"swiper-slide\">\n\t\t\t\t<div class=\"image\">\n\t\t\t\t\t<img decoding=\"async\"  src=\"https:\/\/hoteldorocity.com\/wp-content\/uploads\/2024\/04\/WhatsApp-Image-2024-04-02-at-13.41.04_ed06ae25.jpg\" alt=\"WhatsApp Image 2024-04-02 at 13.41.04_ed06ae25\" \/>\t\t\t\t<\/div>\n\t\t\t<\/div>\n\t\t\t\t\t\t<div class=\"swiper-slide\">\n\t\t\t\t<div class=\"image\">\n\t\t\t\t\t<img decoding=\"async\"  src=\"https:\/\/hoteldorocity.com\/wp-content\/uploads\/2024\/04\/WhatsApp-Image-2024-04-02-at-13.41.05_b846bca5.jpg\" alt=\"WhatsApp Image 2024-04-02 at 13.41.05_b846bca5\" \/>\t\t\t\t<\/div>\n\t\t\t<\/div>\n\t\t\t\t\t\t<div class=\"swiper-slide\">\n\t\t\t\t<div class=\"image\">\n\t\t\t\t\t<img decoding=\"async\"  src=\"https:\/\/hoteldorocity.com\/wp-content\/uploads\/2024\/04\/WhatsApp-Image-2024-04-02-at-13.41.08_6f31e186.jpg\" alt=\"WhatsApp Image 2024-04-02 at 13.41.08_6f31e186\" \/>\t\t\t\t<\/div>\n\t\t\t<\/div>\n\t\t\t\t\t\t<div class=\"swiper-slide\">\n\t\t\t\t<div class=\"image\">\n\t\t\t\t\t<img decoding=\"async\"  src=\"https:\/\/hoteldorocity.com\/wp-content\/uploads\/2024\/04\/WhatsApp-Image-2024-04-02-at-13.41.06_58c60fd7.jpg\" alt=\"WhatsApp Image 2024-04-02 at 13.41.06_58c60fd7\" \/>\t\t\t\t<\/div>\n\t\t\t<\/div>\n\t\t\t\t\t\t\t\t<\/div>\n\t\t\t\t<\/div>\n\n\t\t\t\t\n\t\t\t<\/div>\n\t\t<\/div>\n\t\t\t\t<\/div>\n\t\t\t\t<\/div>\n\t\t\t\t\t<\/div>\n\t\t<\/div>\n\t\t\t\t\t<\/div>\n\t\t<\/section>\n\t\t\t\t<section class=\"elementor-section elementor-top-section elementor-element elementor-element-f67016a elementor-section-boxed elementor-section-gap-beside-yes elementor-section-height-default elementor-section-height-default elementor-section-column-vertical-align-stretch\" data-id=\"f67016a\" data-element_type=\"section\">\n\t\t\t\t\t\t<div class=\"elementor-container elementor-column-gap-extended\">\n\t\t\t\t\t<div class=\"elementor-column elementor-col-100 elementor-top-column elementor-element elementor-element-77f0020\" data-id=\"77f0020\" data-element_type=\"column\">\n\t\t\t<div class=\"elementor-widget-wrap elementor-element-populated\">\n\t\t\t\t\t\t<section class=\"elementor-section elementor-inner-section elementor-element elementor-element-f27962e cta-book-now elementor-section-boxed elementor-section-gap-beside-yes elementor-section-height-default elementor-section-height-default elementor-section-column-vertical-align-stretch\" data-id=\"f27962e\" data-element_type=\"section\">\n\t\t\t\t\t\t<div class=\"elementor-container elementor-column-gap-extended\">\n\t\t\t\t\t<div class=\"elementor-column elementor-col-50 elementor-inner-column elementor-element elementor-element-022b0b0\" data-id=\"022b0b0\" data-element_type=\"column\">\n\t\t\t<div class=\"elementor-widget-wrap elementor-element-populated\">\n\t\t\t\t\t\t<div class=\"elementor-element elementor-element-404d1f6 elementor-invisible elementor-widget elementor-widget-nuss-heading\" data-id=\"404d1f6\" data-element_type=\"widget\" data-settings=\"{&quot;_animation&quot;:&quot;nussFadeInUp&quot;}\" data-widget_type=\"nuss-heading.default\">\n\t\t\t\t<div class=\"elementor-widget-container\">\n\t\t\t\t\t<div class=\"nuss-modern-heading\">\n\t\t\t\t\t<div class=\"heading-secondary-wrap\">\n\t\t\t<span class=\"heading-secondary elementor-heading-title\">Hotel Doro City<\/span>\t\t<\/div>\n\t\t\n\t\t\t\t\t<div class=\"heading-primary-wrap\">\n\t\t\t<h3 class=\"heading-primary elementor-heading-title\">Rezervo Tani nje eksperience te paharrueshme<\/h3>\t\t<\/div>\n\t\t\n\t\t\t\n\t\t\t\t\t<\/div>\n\t\t\t\t<\/div>\n\t\t\t\t<\/div>\n\t\t\t\t\t<\/div>\n\t\t<\/div>\n\t\t\t\t<div class=\"elementor-column elementor-col-50 elementor-inner-column elementor-element elementor-element-425fa20\" data-id=\"425fa20\" data-element_type=\"column\">\n\t\t\t<div class=\"elementor-widget-wrap elementor-element-populated\">\n\t\t\t\t\t\t<div class=\"elementor-element elementor-element-d8ce4fb button-doro-book elementor-widget elementor-widget-html\" data-id=\"d8ce4fb\" data-element_type=\"widget\" data-widget_type=\"html.default\">\n\t\t\t\t<div class=\"elementor-widget-container\">\n\t\t\t<div class=\"header-button-01 ux-element align-left icon-before\" data-id=\"header-button-01\">\n\t\t\t\t\t<a href=\"#canvas-check-availabity\" class=\"nuss-button full-filled btn-nuss-popup size-m\">\n\t\t\t\t\t\t\t\t\t\t\t\t\t<i class=\"fal fa-concierge-bell\"><\/i>\n\t\t\t\t\t\t\t\t\t\t\t\tRezervo Tani\t\t\t\t\t\t\t\t\t\t\t<\/a>\n\t\t\t\t<\/div>\t\t<\/div>\n\t\t\t\t<\/div>\n\t\t\t\t\t<\/div>\n\t\t<\/div>\n\t\t\t\t\t<\/div>\n\t\t<\/section>\n\t\t\t\t\t<\/div>\n\t\t<\/div>\n\t\t\t\t\t<\/div>\n\t\t<\/section>\n\t\t\t\t<\/div>\n\t\t","protected":false},"excerpt":{"rendered":"<p>Shijoni kuzhin\u00ebn e shijshme shqiptare ose nd\u00ebrkomb\u00ebtare, zgjidhni nj\u00eb ver\u00eb t\u00eb mir\u00eb, nj\u00eb ver\u00eb tradicionale Llakmani nga lista jon\u00eb e shk\u00eblqyer e ver\u00ebrave p\u00ebr t\u00eb shoq\u00ebruar vaktin tuaj. Menu Anglisht Menu Italisht Menu Shqip Tradicionale dhe Kuzhine Globale Menut\u00eb tona ofrojn\u00eb nj\u00eb panoram\u00eb ku nderthuren ushqimet m\u00eb t\u00eb mira tradicionale shqiptare, nd\u00ebrkomb\u00ebtare, panoram\u00eb q\u00eb plot\u00ebsohet [&hellip;]<\/p>\n","protected":false},"author":1,"featured_media":0,"parent":0,"menu_order":0,"comment_status":"closed","ping_status":"closed","template":"","meta":{"inline_featured_image":false,"footnotes":""},"class_list":["post-21356","page","type-page","status-publish","hentry","post-no-thumbnail"],"_links":{"self":[{"href":"https:\/\/hoteldorocity.com\/sq\/wp-json\/wp\/v2\/pages\/21356","targetHints":{"allow":["GET"]}}],"collection":[{"href":"https:\/\/hoteldorocity.com\/sq\/wp-json\/wp\/v2\/pages"}],"about":[{"href":"https:\/\/hoteldorocity.com\/sq\/wp-json\/wp\/v2\/types\/page"}],"author":[{"embeddable":true,"href":"https:\/\/hoteldorocity.com\/sq\/wp-json\/wp\/v2\/users\/1"}],"replies":[{"embeddable":true,"href":"https:\/\/hoteldorocity.com\/sq\/wp-json\/wp\/v2\/comments?post=21356"}],"version-history":[{"count":4,"href":"https:\/\/hoteldorocity.com\/sq\/wp-json\/wp\/v2\/pages\/21356\/revisions"}],"predecessor-version":[{"id":21363,"href":"https:\/\/hoteldorocity.com\/sq\/wp-json\/wp\/v2\/pages\/21356\/revisions\/21363"}],"wp:attachment":[{"href":"https:\/\/hoteldorocity.com\/sq\/wp-json\/wp\/v2\/media?parent=21356"}],"curies":[{"name":"wp","href":"https:\/\/api.w.org\/{rel}","templated":true}]}}