{"id":21395,"date":"2024-02-09T11:08:02","date_gmt":"2024-02-09T11:08:02","guid":{"rendered":"https:\/\/hoteldorocity.evolvewebstudio.xyz\/wedding\/"},"modified":"2024-04-04T09:04:42","modified_gmt":"2024-04-04T09:04:42","slug":"dasma","status":"publish","type":"page","link":"https:\/\/hoteldorocity.com\/sq\/dasma\/","title":{"rendered":"Dasma"},"content":{"rendered":"\t\t<div data-elementor-type=\"wp-page\" data-elementor-id=\"21395\" class=\"elementor elementor-21395 elementor-20805\">\n\t\t\t\t\t\t<section class=\"elementor-section elementor-top-section elementor-element elementor-element-0c66194 elementor-section-boxed elementor-section-gap-beside-yes elementor-section-height-default elementor-section-height-default elementor-section-column-vertical-align-stretch\" data-id=\"0c66194\" data-element_type=\"section\">\n\t\t\t\t\t\t<div class=\"elementor-container elementor-column-gap-extended\">\n\t\t\t\t\t<div class=\"elementor-column elementor-col-100 elementor-top-column elementor-element elementor-element-1434699\" data-id=\"1434699\" data-element_type=\"column\">\n\t\t\t<div class=\"elementor-widget-wrap elementor-element-populated\">\n\t\t\t\t\t\t<div class=\"elementor-element elementor-element-bbf7bf4 elementor-widget__width-initial elementor-invisible elementor-widget elementor-widget-text-editor\" data-id=\"bbf7bf4\" data-element_type=\"widget\" data-settings=\"{&quot;_animation&quot;:&quot;nussFadeInUp&quot;}\" data-widget_type=\"text-editor.default\">\n\t\t\t\t<div class=\"elementor-widget-container\">\n\t\t\t<style>\/*! elementor - v3.19.0 - 05-02-2024 *\/\n.elementor-widget-text-editor.elementor-drop-cap-view-stacked .elementor-drop-cap{background-color:#69727d;color:#fff}.elementor-widget-text-editor.elementor-drop-cap-view-framed .elementor-drop-cap{color:#69727d;border:3px solid;background-color:transparent}.elementor-widget-text-editor:not(.elementor-drop-cap-view-default) .elementor-drop-cap{margin-top:8px}.elementor-widget-text-editor:not(.elementor-drop-cap-view-default) .elementor-drop-cap-letter{width:1em;height:1em}.elementor-widget-text-editor .elementor-drop-cap{float:left;text-align:center;line-height:1;font-size:50px}.elementor-widget-text-editor .elementor-drop-cap-letter{display:inline-block}<\/style>\t\t\t\t\u00cbsht\u00eb k\u00ebnaq\u00ebsi per ne t&#8217;ju ndihmojm\u00eb t\u00eb realizoni dasm\u00ebn e \u00ebnd\u00ebrres tuaj n\u00eb ambientet tona luksoze. Stafi yn\u00eb do t\u00eb sh\u00ebrbej\u00eb per \u00e7do nevoj\u00eb tuajen me ekspertiz\u00ebn e tij, sh\u00ebrbimin elegant, detajet e stolisjes, menu t\u00eb ve\u00e7ant\u00eb t\u00eb dasm\u00ebs dhe kokteje, p\u00ebr t\u00eb krijuar nj\u00eb fest\u00eb t\u00eb paharrueshme.\t\t\t\t\t\t<\/div>\n\t\t\t\t<\/div>\n\t\t\t\t\t<\/div>\n\t\t<\/div>\n\t\t\t\t\t<\/div>\n\t\t<\/section>\n\t\t\t\t<section class=\"elementor-section elementor-top-section elementor-element elementor-element-0903b5e elementor-section-boxed elementor-section-gap-beside-yes elementor-section-height-default elementor-section-height-default elementor-section-column-vertical-align-stretch\" data-id=\"0903b5e\" data-element_type=\"section\">\n\t\t\t\t\t\t<div class=\"elementor-container elementor-column-gap-extended\">\n\t\t\t\t\t<div class=\"elementor-column elementor-col-50 elementor-top-column elementor-element elementor-element-fd64666\" data-id=\"fd64666\" data-element_type=\"column\">\n\t\t\t<div class=\"elementor-widget-wrap elementor-element-populated\">\n\t\t\t\t\t\t<div class=\"elementor-element elementor-element-944ad4c elementor-invisible nuss-elementor-loading nuss-slide-in-right elementor-widget elementor-widget-image\" data-id=\"944ad4c\" data-element_type=\"widget\" data-settings=\"{&quot;_animation&quot;:&quot;nussSlideInRight&quot;}\" data-widget_type=\"image.default\">\n\t\t\t\t<div class=\"elementor-widget-container\">\n\t\t\t<style>\/*! elementor - v3.19.0 - 05-02-2024 *\/\n.elementor-widget-image{text-align:center}.elementor-widget-image a{display:inline-block}.elementor-widget-image a img[src$=\".svg\"]{width:48px}.elementor-widget-image img{vertical-align:middle;display:inline-block}<\/style>\t\t\t\t\t\t\t\t\t\t<img fetchpriority=\"high\" decoding=\"async\" width=\"1000\" height=\"667\" src=\"https:\/\/hoteldorocity.com\/wp-content\/uploads\/2024\/02\/weeding-event.jpg\" class=\"attachment-full size-full wp-image-21401\" alt=\"\" srcset=\"https:\/\/hoteldorocity.com\/wp-content\/uploads\/2024\/02\/weeding-event.jpg 1000w, https:\/\/hoteldorocity.com\/wp-content\/uploads\/2024\/02\/weeding-event-300x200.jpg 300w, https:\/\/hoteldorocity.com\/wp-content\/uploads\/2024\/02\/weeding-event-768x512.jpg 768w, https:\/\/hoteldorocity.com\/wp-content\/uploads\/2024\/02\/weeding-event-600x400.jpg 600w\" sizes=\"(max-width: 1000px) 100vw, 1000px\" \/>\t\t\t\t\t\t\t\t\t\t\t\t\t<\/div>\n\t\t\t\t<\/div>\n\t\t\t\t\t<\/div>\n\t\t<\/div>\n\t\t\t\t<div class=\"elementor-column elementor-col-50 elementor-top-column elementor-element elementor-element-079272d\" data-id=\"079272d\" data-element_type=\"column\" data-settings=\"{&quot;background_background&quot;:&quot;classic&quot;}\">\n\t\t\t<div class=\"elementor-widget-wrap elementor-element-populated\">\n\t\t\t\t\t\t<div class=\"elementor-element elementor-element-9611d40 elementor-invisible elementor-widget elementor-widget-nuss-heading\" data-id=\"9611d40\" data-element_type=\"widget\" data-settings=\"{&quot;_animation&quot;:&quot;nussFadeInUp&quot;}\" data-widget_type=\"nuss-heading.default\">\n\t\t\t\t<div class=\"elementor-widget-container\">\n\t\t\t\t\t<div class=\"nuss-modern-heading\">\n\t\t\t\t\t<div class=\"heading-secondary-wrap\">\n\t\t\t<span class=\"heading-secondary elementor-heading-title\">Hotel Doro City<\/span>\t\t<\/div>\n\t\t\n\t\t\t\t\t<div class=\"heading-primary-wrap\">\n\t\t\t<h3 class=\"heading-primary elementor-heading-title\">Dasma dhe Evente<\/h3>\t\t<\/div>\n\t\t\n\t\t\t\n\t\t\t\t\t<div class=\"heading-description-wrap\">\n\t\t\t<div class=\"heading-description\">\n\t\t\t\t\u00cbsht\u00eb dita e juaj e ve\u00e7ant\u00eb.\nVet\u00ebm na tregoni \u00ebndrr\u00ebn tuaj p\u00ebr organizimin e dasm\u00ebs. Ne do t\u00eb ju tregojm\u00eb realizimin e saj. \u00c7far\u00eb ju mund t\u00eb imagjinoni dhe m\u00eb shum\u00eb, Hotel Doro City do t\u00eb p\u00ebrgatis\u00eb ofert\u00ebn m\u00eb t\u00eb p\u00ebrkryer dhe m\u00eb t\u00eb mir\u00ebn ndonj\u00ebher\u00eb.\t\t\t<\/div>\n\t\t<\/div>\n\t\t\t<\/div>\n\t\t\t\t<\/div>\n\t\t\t\t<\/div>\n\t\t\t\t<div class=\"elementor-element elementor-element-022b972 elementor-position-left icons-dorocity elementor-view-default elementor-mobile-position-top elementor-vertical-align-top elementor-widget elementor-widget-icon-box\" data-id=\"022b972\" data-element_type=\"widget\" data-widget_type=\"icon-box.default\">\n\t\t\t\t<div class=\"elementor-widget-container\">\n\t\t\t<link rel=\"stylesheet\" href=\"https:\/\/hoteldorocity.com\/wp-content\/plugins\/elementor\/assets\/css\/widget-icon-box.min.css\">\t\t<div class=\"elementor-icon-box-wrapper\">\n\t\t\t\t\t\t<div class=\"elementor-icon-box-icon\">\n\t\t\t\t<span  class=\"elementor-icon elementor-animation-\">\n\t\t\t\t<svg xmlns=\"http:\/\/www.w3.org\/2000\/svg\" xmlns:xlink=\"http:\/\/www.w3.org\/1999\/xlink\" width=\"512\" height=\"512\" x=\"0\" y=\"0\" viewBox=\"0 0 512 512\" style=\"enable-background:new 0 0 512 512\" xml:space=\"preserve\" class=\"\">  <g>    <path d=\"M352 202.3c-1.3 0-2.6-.5-3.5-1.5l-33.1-33.1c-11.1-11.1-11.1-29.1 0-40.2 10-10 25.6-11 36.7-3 11.1-8 26.7-7 36.7 3 11.1 11.1 11.1 29.1 0 40.2l-33.1 33.1c-1.1 1-2.4 1.5-3.7 1.5zm-16.6-73.1c-4.9 0-9.6 1.9-13 5.4-7.2 7.2-7.2 18.9 0 26.1l29.6 29.6 29.6-29.6c7.2-7.2 7.2-18.9 0-26.1s-18.9-7.2-26.1 0c-2 2-5.1 2-7.1 0-3.4-3.5-8-5.4-13-5.4zM159.6 100c-1.5 0-2.8-.6-3.8-1.7l-47.6-55c-1.3-1.5-1.6-3.6-.8-5.3l15.9-35c.9-1.9 2.7-3 4.7-3h63.3c2 0 3.7 1.1 4.6 2.9l15.8 35c.8 1.8.5 3.9-.8 5.3l-47.6 55c-.9 1.2-2.3 1.8-3.7 1.8zm-41.7-60.9 41.7 48.2 41.7-48.2L188.1 10h-56.9z\" fill=\"#c59a29\" opacity=\"1\" data-original=\"#000000\" class=\"\"><\/path>    <path d=\"M143.8 45H112c-1.7 0-3.3-.9-4.2-2.3s-1.1-3.2-.3-4.8l15.9-35C124.2 1.1 126 0 128 0c2 0 3.7 1.1 4.5 2.9l15.8 35c.7 1.5.6 3.4-.4 4.8-.8 1.4-2.4 2.3-4.1 2.3zm-24-10H136l-8-17.9zM207.1 45h-31.8c-1.7 0-3.3-.9-4.2-2.3s-1.1-3.2-.3-4.8l15.9-35c.8-1.8 2.6-2.9 4.6-2.9 2 0 3.7 1.1 4.5 2.9l15.8 35c.7 1.5.6 3.4-.4 4.8-.8 1.4-2.4 2.3-4.1 2.3zm-24-10h16.2l-8.1-17.9z\" fill=\"#c59a29\" opacity=\"1\" data-original=\"#000000\" class=\"\"><\/path>    <path d=\"M175.5 45h-31.8c-1.7 0-3.3-.9-4.2-2.3s-1.1-3.2-.3-4.8l15.9-35c.8-1.8 2.6-2.9 4.6-2.9 2 0 3.7 1.1 4.6 2.9l15.8 35c.7 1.5.6 3.4-.4 4.8-.9 1.4-2.5 2.3-4.2 2.3zm-24-10h16.2l-8.1-17.9z\" fill=\"#c59a29\" opacity=\"1\" data-original=\"#000000\" class=\"\"><\/path>    <path d=\"M159.5 100c-2.2 0-4.2-1.5-4.8-3.6l-15.8-55c-.4-1.5-.1-3.1.8-4.4s2.4-2 4-2h31.8c1.6 0 3.1.7 4 2s1.2 2.9.8 4.4l-15.9 55c-.7 2.1-2.6 3.6-4.9 3.6zm-9.2-55 9.2 32 9.3-32z\" fill=\"#c59a29\" opacity=\"1\" data-original=\"#000000\" class=\"\"><\/path>    <path d=\"M160 410.1c-88.2 0-160-71.8-160-160s71.8-160 160-160 160 71.8 160 160c0 25.4-6.1 50.6-17.7 73.1-11.2 21.7-27.5 40.9-47.1 55.5l-6-8c38.1-28.3 60.8-73.3 60.8-120.5 0-82.7-67.3-150-150-150s-150 67.3-150 150 67.3 150 150 150c14.5 0 28.9-2.1 42.7-6.2l2.9 9.6c-14.7 4.2-30.1 6.5-45.6 6.5zm0-33.1c-70 0-126.9-57-126.9-126.9S90 123.2 160 123.2s126.9 56.9 126.9 126.9c0 41.1-20.1 79.9-53.9 103.8l-5.8-8.2c31.1-21.9 49.7-57.7 49.7-95.6 0-64.5-52.4-116.9-116.9-116.9S43.1 185.6 43.1 250.1 95.5 367 160 367c12.3 0 24.5-1.9 36.1-5.7l3.1 9.5c-12.6 4.1-25.8 6.2-39.2 6.2z\" fill=\"#c59a29\" opacity=\"1\" data-original=\"#000000\" class=\"\"><\/path>    <path d=\"M352 512.1c-88.2 0-160-71.8-160-160 0-25.7 5.9-50.2 17.6-72.9 11.1-21.7 27.4-40.8 47-55.4l6 8C224.6 260 202 305 202 352.1c0 82.7 67.3 150 150 150s150-67.3 150-150-67.3-150-150-150c-14.5 0-28.9 2.1-42.7 6.2l-2.8-9.6c14.7-4.4 30-6.6 45.5-6.6 88.2 0 160 71.8 160 160s-71.8 160-160 160zm0-33.1c-70 0-126.9-56.9-126.9-126.9 0-41.2 20.2-79.9 53.9-103.8l5.8 8.2c-31.1 21.9-49.7 57.7-49.7 95.6 0 64.5 52.4 116.9 116.9 116.9s116.9-52.4 116.9-116.9S416.5 235.2 352 235.2c-12.1 0-24 1.9-35.5 5.5l-3-9.5c12.4-4 25.4-6 38.5-6 70 0 126.9 56.9 126.9 126.9S422 479 352 479z\" fill=\"#c59a29\" opacity=\"1\" data-original=\"#000000\" class=\"\"><\/path>  <\/g><\/svg>\t\t\t\t<\/span>\n\t\t\t<\/div>\n\t\t\t\t\t\t<div class=\"elementor-icon-box-content\">\n\t\t\t\t<h3 class=\"elementor-icon-box-title\">\n\t\t\t\t\t<span  >\n\t\t\t\t\t\tMemorable Event\t\t\t\t\t<\/span>\n\t\t\t\t<\/h3>\n\t\t\t\t\t\t\t\t\t<p class=\"elementor-icon-box-description\">\n\t\t\t\t\t\tKjo ngjarje e paharrueshme meriton nj\u00eb atmosfer\u00eb t\u00eb p\u00ebrsosur dhe organizim nga nj\u00eb ekip profesional. Vet\u00ebm na i lini t\u00eb gjitha neve dhe do t\u00eb g\u00ebzoni nj\u00eb dit\u00eb t\u00eb ve\u00e7ant\u00eb t\u00eb jet\u00ebs tuaj.\t\t\t\t\t<\/p>\n\t\t\t\t\t\t\t<\/div>\n\t\t<\/div>\n\t\t\t\t<\/div>\n\t\t\t\t<\/div>\n\t\t\t\t\t<\/div>\n\t\t<\/div>\n\t\t\t\t\t<\/div>\n\t\t<\/section>\n\t\t\t\t<section class=\"elementor-section elementor-top-section elementor-element elementor-element-8cfbbb8 elementor-section-boxed elementor-section-gap-beside-yes elementor-section-height-default elementor-section-height-default elementor-section-column-vertical-align-stretch\" data-id=\"8cfbbb8\" data-element_type=\"section\">\n\t\t\t\t\t\t<div class=\"elementor-container elementor-column-gap-extended\">\n\t\t\t\t\t<div class=\"elementor-column elementor-col-50 elementor-top-column elementor-element elementor-element-0f30eea\" data-id=\"0f30eea\" data-element_type=\"column\" data-settings=\"{&quot;background_background&quot;:&quot;classic&quot;}\">\n\t\t\t<div class=\"elementor-widget-wrap elementor-element-populated\">\n\t\t\t\t\t\t<div class=\"elementor-element elementor-element-48f40d9 elementor-invisible elementor-widget elementor-widget-nuss-heading\" data-id=\"48f40d9\" data-element_type=\"widget\" data-settings=\"{&quot;_animation&quot;:&quot;nussFadeInUp&quot;}\" data-widget_type=\"nuss-heading.default\">\n\t\t\t\t<div class=\"elementor-widget-container\">\n\t\t\t\t\t<div class=\"nuss-modern-heading\">\n\t\t\t\t\t<div class=\"heading-secondary-wrap\">\n\t\t\t<span class=\"heading-secondary elementor-heading-title\">Hotel Doro City<\/span>\t\t<\/div>\n\t\t\n\t\t\t\t\t<div class=\"heading-primary-wrap\">\n\t\t\t<h3 class=\"heading-primary elementor-heading-title\">Paketa e dasm\u00ebs ofruar nga Doro City p\u00ebrfshin:<\/h3>\t\t<\/div>\n\t\t\n\t\t\t\n\t\t\t\t\t<div class=\"heading-description-wrap\">\n\t\t\t<div class=\"heading-description\">\n\t\t\t\tZgjedhja juaj e menys\u00eb se dasm\u00ebs dhe kokteje me nj\u00eb shum\u00ebllojshm\u00ebri opsionesh\nTort\u00eb e ceremonialit te dasm\u00ebs, krijuar nga shefi yn\u00eb i guzhin\u00ebs , bazuara n\u00eb d\u00ebshirat tuaja\nDekoracione spektakolare te vendit p\u00ebr pritje t\u00eb dasm\u00ebs tuaj nga specialist\u00ebt tan\u00eb\nProv\u00eb paraprake e menyse t\u00eb zgjedhur p\u00ebr ciftin\nVend parkimi p\u00ebr ju dhe mysafir\u00ebt tuaj\n<br><br>\nP\u00ebr nusen e dh\u00ebnd\u00ebrin ne ofrojm\u00eb si nj\u00eb dhurat\u00eb t\u00eb ve\u00e7ant\u00eb, nj\u00eb akomodim gjat\u00eb nat\u00ebs n\u00eb Suiten ton\u00eb romantike me shampanj\u00eb, \u00e7okollata dhe luleshtrydhe, dekoruar me qirinj dhe petale lulesh.\nHotel Doro City do t\u00eb ju mir\u00ebprese p\u00ebrs\u00ebri p\u00ebr p\u00ebrvjetorin tuaj t\u00eb par\u00eb me nj\u00eb akomodim t\u00eb lir\u00eb nate.\t\t\t<\/div>\n\t\t<\/div>\n\t\t\t<\/div>\n\t\t\t\t<\/div>\n\t\t\t\t<\/div>\n\t\t\t\t\t<\/div>\n\t\t<\/div>\n\t\t\t\t<div class=\"elementor-column elementor-col-50 elementor-top-column elementor-element elementor-element-9a7acaa\" data-id=\"9a7acaa\" data-element_type=\"column\" data-settings=\"{&quot;background_background&quot;:&quot;classic&quot;}\">\n\t\t\t<div class=\"elementor-widget-wrap elementor-element-populated\">\n\t\t\t\t\t\t<div class=\"elementor-element elementor-element-119c721 elementor-invisible nuss-elementor-loading nuss-slide-in-right elementor-widget elementor-widget-image\" data-id=\"119c721\" data-element_type=\"widget\" data-settings=\"{&quot;_animation&quot;:&quot;nussSlideInRight&quot;}\" data-widget_type=\"image.default\">\n\t\t\t\t<div class=\"elementor-widget-container\">\n\t\t\t\t\t\t\t\t\t\t\t\t\t<img decoding=\"async\" width=\"1280\" height=\"850\" src=\"https:\/\/hoteldorocity.com\/wp-content\/uploads\/2024\/04\/WhatsApp-Image-2024-04-02-at-13.41.07_a4480b6e.jpg\" class=\"attachment-full size-full wp-image-21402\" alt=\"\" srcset=\"https:\/\/hoteldorocity.com\/wp-content\/uploads\/2024\/04\/WhatsApp-Image-2024-04-02-at-13.41.07_a4480b6e.jpg 1280w, https:\/\/hoteldorocity.com\/wp-content\/uploads\/2024\/04\/WhatsApp-Image-2024-04-02-at-13.41.07_a4480b6e-300x199.jpg 300w, https:\/\/hoteldorocity.com\/wp-content\/uploads\/2024\/04\/WhatsApp-Image-2024-04-02-at-13.41.07_a4480b6e-1024x680.jpg 1024w, https:\/\/hoteldorocity.com\/wp-content\/uploads\/2024\/04\/WhatsApp-Image-2024-04-02-at-13.41.07_a4480b6e-768x510.jpg 768w, https:\/\/hoteldorocity.com\/wp-content\/uploads\/2024\/04\/WhatsApp-Image-2024-04-02-at-13.41.07_a4480b6e-600x398.jpg 600w\" sizes=\"(max-width: 1280px) 100vw, 1280px\" \/>\t\t\t\t\t\t\t\t\t\t\t\t\t<\/div>\n\t\t\t\t<\/div>\n\t\t\t\t\t<\/div>\n\t\t<\/div>\n\t\t\t\t\t<\/div>\n\t\t<\/section>\n\t\t\t\t<section class=\"elementor-section elementor-top-section elementor-element elementor-element-b92b611 elementor-section-boxed elementor-section-gap-beside-yes elementor-section-height-default elementor-section-height-default elementor-section-column-vertical-align-stretch\" data-id=\"b92b611\" data-element_type=\"section\">\n\t\t\t\t\t\t<div class=\"elementor-container elementor-column-gap-extended\">\n\t\t\t\t\t<div class=\"elementor-column elementor-col-100 elementor-top-column elementor-element elementor-element-fe43ea8\" data-id=\"fe43ea8\" data-element_type=\"column\">\n\t\t\t<div class=\"elementor-widget-wrap elementor-element-populated\">\n\t\t\t\t\t\t<section class=\"elementor-section elementor-inner-section elementor-element elementor-element-9bfd43b cta-book-now elementor-section-boxed elementor-section-gap-beside-yes elementor-section-height-default elementor-section-height-default elementor-section-column-vertical-align-stretch\" data-id=\"9bfd43b\" data-element_type=\"section\">\n\t\t\t\t\t\t<div class=\"elementor-container elementor-column-gap-extended\">\n\t\t\t\t\t<div class=\"elementor-column elementor-col-50 elementor-inner-column elementor-element elementor-element-113a14e\" data-id=\"113a14e\" data-element_type=\"column\">\n\t\t\t<div class=\"elementor-widget-wrap elementor-element-populated\">\n\t\t\t\t\t\t<div class=\"elementor-element elementor-element-607b79d elementor-invisible elementor-widget elementor-widget-nuss-heading\" data-id=\"607b79d\" data-element_type=\"widget\" data-settings=\"{&quot;_animation&quot;:&quot;nussFadeInUp&quot;}\" data-widget_type=\"nuss-heading.default\">\n\t\t\t\t<div class=\"elementor-widget-container\">\n\t\t\t\t\t<div class=\"nuss-modern-heading\">\n\t\t\t\t\t<div class=\"heading-secondary-wrap\">\n\t\t\t<span class=\"heading-secondary elementor-heading-title\">Hotel Doro City<\/span>\t\t<\/div>\n\t\t\n\t\t\t\n\t\t\t\n\t\t\t\t\t<div class=\"heading-description-wrap\">\n\t\t\t<div class=\"heading-description\">\n\t\t\t\t<p>Ne gjithashtu organizojn\u00eb ngjarje t\u00eb ndryshme private dhe t\u00eb biznesit t\u00eb p\u00ebrshtatura p\u00ebr rastet tuaja, t\u00eb tilla si ceremonive te dit\u00eblindjeve, party surprize , kokteje, bankete,catering,darka solemne, dhe shum\u00eb m\u00eb tep\u00ebr.\u00a0<\/p>\t\t\t<\/div>\n\t\t<\/div>\n\t\t\t<\/div>\n\t\t\t\t<\/div>\n\t\t\t\t<\/div>\n\t\t\t\t<div class=\"elementor-element elementor-element-a4608f3 elementor-position-left icons-dorocity elementor-view-default elementor-mobile-position-top elementor-vertical-align-top elementor-widget elementor-widget-icon-box\" data-id=\"a4608f3\" data-element_type=\"widget\" data-widget_type=\"icon-box.default\">\n\t\t\t\t<div class=\"elementor-widget-container\">\n\t\t\t\t\t<div class=\"elementor-icon-box-wrapper\">\n\t\t\t\t\t\t<div class=\"elementor-icon-box-icon\">\n\t\t\t\t<span  class=\"elementor-icon elementor-animation-\">\n\t\t\t\t<svg xmlns=\"http:\/\/www.w3.org\/2000\/svg\" xmlns:xlink=\"http:\/\/www.w3.org\/1999\/xlink\" width=\"512\" height=\"512\" x=\"0\" y=\"0\" viewBox=\"0 0 512 512\" style=\"enable-background:new 0 0 512 512\" xml:space=\"preserve\" class=\"\">  <g>    <path d=\"M352 202.3c-1.3 0-2.6-.5-3.5-1.5l-33.1-33.1c-11.1-11.1-11.1-29.1 0-40.2 10-10 25.6-11 36.7-3 11.1-8 26.7-7 36.7 3 11.1 11.1 11.1 29.1 0 40.2l-33.1 33.1c-1.1 1-2.4 1.5-3.7 1.5zm-16.6-73.1c-4.9 0-9.6 1.9-13 5.4-7.2 7.2-7.2 18.9 0 26.1l29.6 29.6 29.6-29.6c7.2-7.2 7.2-18.9 0-26.1s-18.9-7.2-26.1 0c-2 2-5.1 2-7.1 0-3.4-3.5-8-5.4-13-5.4zM159.6 100c-1.5 0-2.8-.6-3.8-1.7l-47.6-55c-1.3-1.5-1.6-3.6-.8-5.3l15.9-35c.9-1.9 2.7-3 4.7-3h63.3c2 0 3.7 1.1 4.6 2.9l15.8 35c.8 1.8.5 3.9-.8 5.3l-47.6 55c-.9 1.2-2.3 1.8-3.7 1.8zm-41.7-60.9 41.7 48.2 41.7-48.2L188.1 10h-56.9z\" fill=\"#c59a29\" opacity=\"1\" data-original=\"#000000\" class=\"\"><\/path>    <path d=\"M143.8 45H112c-1.7 0-3.3-.9-4.2-2.3s-1.1-3.2-.3-4.8l15.9-35C124.2 1.1 126 0 128 0c2 0 3.7 1.1 4.5 2.9l15.8 35c.7 1.5.6 3.4-.4 4.8-.8 1.4-2.4 2.3-4.1 2.3zm-24-10H136l-8-17.9zM207.1 45h-31.8c-1.7 0-3.3-.9-4.2-2.3s-1.1-3.2-.3-4.8l15.9-35c.8-1.8 2.6-2.9 4.6-2.9 2 0 3.7 1.1 4.5 2.9l15.8 35c.7 1.5.6 3.4-.4 4.8-.8 1.4-2.4 2.3-4.1 2.3zm-24-10h16.2l-8.1-17.9z\" fill=\"#c59a29\" opacity=\"1\" data-original=\"#000000\" class=\"\"><\/path>    <path d=\"M175.5 45h-31.8c-1.7 0-3.3-.9-4.2-2.3s-1.1-3.2-.3-4.8l15.9-35c.8-1.8 2.6-2.9 4.6-2.9 2 0 3.7 1.1 4.6 2.9l15.8 35c.7 1.5.6 3.4-.4 4.8-.9 1.4-2.5 2.3-4.2 2.3zm-24-10h16.2l-8.1-17.9z\" fill=\"#c59a29\" opacity=\"1\" data-original=\"#000000\" class=\"\"><\/path>    <path d=\"M159.5 100c-2.2 0-4.2-1.5-4.8-3.6l-15.8-55c-.4-1.5-.1-3.1.8-4.4s2.4-2 4-2h31.8c1.6 0 3.1.7 4 2s1.2 2.9.8 4.4l-15.9 55c-.7 2.1-2.6 3.6-4.9 3.6zm-9.2-55 9.2 32 9.3-32z\" fill=\"#c59a29\" opacity=\"1\" data-original=\"#000000\" class=\"\"><\/path>    <path d=\"M160 410.1c-88.2 0-160-71.8-160-160s71.8-160 160-160 160 71.8 160 160c0 25.4-6.1 50.6-17.7 73.1-11.2 21.7-27.5 40.9-47.1 55.5l-6-8c38.1-28.3 60.8-73.3 60.8-120.5 0-82.7-67.3-150-150-150s-150 67.3-150 150 67.3 150 150 150c14.5 0 28.9-2.1 42.7-6.2l2.9 9.6c-14.7 4.2-30.1 6.5-45.6 6.5zm0-33.1c-70 0-126.9-57-126.9-126.9S90 123.2 160 123.2s126.9 56.9 126.9 126.9c0 41.1-20.1 79.9-53.9 103.8l-5.8-8.2c31.1-21.9 49.7-57.7 49.7-95.6 0-64.5-52.4-116.9-116.9-116.9S43.1 185.6 43.1 250.1 95.5 367 160 367c12.3 0 24.5-1.9 36.1-5.7l3.1 9.5c-12.6 4.1-25.8 6.2-39.2 6.2z\" fill=\"#c59a29\" opacity=\"1\" data-original=\"#000000\" class=\"\"><\/path>    <path d=\"M352 512.1c-88.2 0-160-71.8-160-160 0-25.7 5.9-50.2 17.6-72.9 11.1-21.7 27.4-40.8 47-55.4l6 8C224.6 260 202 305 202 352.1c0 82.7 67.3 150 150 150s150-67.3 150-150-67.3-150-150-150c-14.5 0-28.9 2.1-42.7 6.2l-2.8-9.6c14.7-4.4 30-6.6 45.5-6.6 88.2 0 160 71.8 160 160s-71.8 160-160 160zm0-33.1c-70 0-126.9-56.9-126.9-126.9 0-41.2 20.2-79.9 53.9-103.8l5.8 8.2c-31.1 21.9-49.7 57.7-49.7 95.6 0 64.5 52.4 116.9 116.9 116.9s116.9-52.4 116.9-116.9S416.5 235.2 352 235.2c-12.1 0-24 1.9-35.5 5.5l-3-9.5c12.4-4 25.4-6 38.5-6 70 0 126.9 56.9 126.9 126.9S422 479 352 479z\" fill=\"#c59a29\" opacity=\"1\" data-original=\"#000000\" class=\"\"><\/path>  <\/g><\/svg>\t\t\t\t<\/span>\n\t\t\t<\/div>\n\t\t\t\t\t\t<div class=\"elementor-icon-box-content\">\n\t\t\t\t<h3 class=\"elementor-icon-box-title\">\n\t\t\t\t\t<span  >\n\t\t\t\t\t\tKapaciteti i vendeve deri n\u00eb 200 te ftua\t\t\t\t\t<\/span>\n\t\t\t\t<\/h3>\n\t\t\t\t\t\t\t<\/div>\n\t\t<\/div>\n\t\t\t\t<\/div>\n\t\t\t\t<\/div>\n\t\t\t\t\t<\/div>\n\t\t<\/div>\n\t\t\t\t<div class=\"elementor-column elementor-col-50 elementor-inner-column elementor-element elementor-element-d18ebf4\" data-id=\"d18ebf4\" data-element_type=\"column\">\n\t\t\t<div class=\"elementor-widget-wrap elementor-element-populated\">\n\t\t\t\t\t\t<div class=\"elementor-element elementor-element-b25a5e0 button-doro-book elementor-widget elementor-widget-html\" data-id=\"b25a5e0\" data-element_type=\"widget\" data-widget_type=\"html.default\">\n\t\t\t\t<div class=\"elementor-widget-container\">\n\t\t\t<div class=\"header-button-01 ux-element align-left icon-before\" data-id=\"header-button-01\">\n\t\t\t\t\t<a href=\"#canvas-check-availabity\" class=\"nuss-button full-filled btn-nuss-popup size-m\">\n\t\t\t\t\t\t\t\t\t\t\t\t\t<i class=\"fal fa-concierge-bell\"><\/i>\n\t\t\t\t\t\t\t\t\t\t\t\tPrenoto Tani\t\t\t\t\t\t\t\t\t\t\t<\/a>\n\t\t\t\t<\/div>\t\t<\/div>\n\t\t\t\t<\/div>\n\t\t\t\t\t<\/div>\n\t\t<\/div>\n\t\t\t\t\t<\/div>\n\t\t<\/section>\n\t\t\t\t\t<\/div>\n\t\t<\/div>\n\t\t\t\t\t<\/div>\n\t\t<\/section>\n\t\t\t\t<\/div>\n\t\t","protected":false},"excerpt":{"rendered":"<p>\u00cbsht\u00eb k\u00ebnaq\u00ebsi per ne t&#8217;ju ndihmojm\u00eb t\u00eb realizoni dasm\u00ebn e \u00ebnd\u00ebrres tuaj n\u00eb ambientet tona luksoze. Stafi yn\u00eb do t\u00eb sh\u00ebrbej\u00eb per \u00e7do nevoj\u00eb tuajen me ekspertiz\u00ebn e tij, sh\u00ebrbimin elegant, detajet e stolisjes, menu t\u00eb ve\u00e7ant\u00eb t\u00eb dasm\u00ebs dhe kokteje, p\u00ebr t\u00eb krijuar nj\u00eb fest\u00eb t\u00eb paharrueshme. Hotel Doro City Dasma dhe Evente \u00cbsht\u00eb [&hellip;]<\/p>\n","protected":false},"author":1,"featured_media":0,"parent":0,"menu_order":0,"comment_status":"closed","ping_status":"closed","template":"","meta":{"inline_featured_image":false,"footnotes":""},"class_list":["post-21395","page","type-page","status-publish","hentry","post-no-thumbnail"],"_links":{"self":[{"href":"https:\/\/hoteldorocity.com\/sq\/wp-json\/wp\/v2\/pages\/21395","targetHints":{"allow":["GET"]}}],"collection":[{"href":"https:\/\/hoteldorocity.com\/sq\/wp-json\/wp\/v2\/pages"}],"about":[{"href":"https:\/\/hoteldorocity.com\/sq\/wp-json\/wp\/v2\/types\/page"}],"author":[{"embeddable":true,"href":"https:\/\/hoteldorocity.com\/sq\/wp-json\/wp\/v2\/users\/1"}],"replies":[{"embeddable":true,"href":"https:\/\/hoteldorocity.com\/sq\/wp-json\/wp\/v2\/comments?post=21395"}],"version-history":[{"count":4,"href":"https:\/\/hoteldorocity.com\/sq\/wp-json\/wp\/v2\/pages\/21395\/revisions"}],"predecessor-version":[{"id":21410,"href":"https:\/\/hoteldorocity.com\/sq\/wp-json\/wp\/v2\/pages\/21395\/revisions\/21410"}],"wp:attachment":[{"href":"https:\/\/hoteldorocity.com\/sq\/wp-json\/wp\/v2\/media?parent=21395"}],"curies":[{"name":"wp","href":"https:\/\/api.w.org\/{rel}","templated":true}]}}